{"id":771,"date":"2024-06-05T06:41:13","date_gmt":"2024-06-05T06:41:13","guid":{"rendered":"https:\/\/hssoluciones.deditec.dev\/?page_id=771"},"modified":"2024-06-13T11:37:16","modified_gmt":"2024-06-13T11:37:16","slug":"venta-de-equipos-informaticos","status":"publish","type":"page","link":"https:\/\/hssoluciones.deditec.dev\/index.php\/venta-de-equipos-informaticos\/","title":{"rendered":"Venta de equipos inform\u00e1ticos"},"content":{"rendered":"\t\t<div data-elementor-type=\"wp-page\" data-elementor-id=\"771\" class=\"elementor elementor-771\" data-elementor-post-type=\"page\">\n\t\t\t\t<div class=\"elementor-element elementor-element-3e15eaa3 e-con-full e-flex e-con e-parent\" data-id=\"3e15eaa3\" data-element_type=\"container\" data-settings=\"{&quot;background_background&quot;:&quot;classic&quot;}\">\n\t\t\t\t<div class=\"elementor-element elementor-element-e336518 elementor-widget elementor-widget-image\" data-id=\"e336518\" data-element_type=\"widget\" data-widget_type=\"image.default\">\n\t\t\t\t<div class=\"elementor-widget-container\">\n\t\t\t<style>\/*! elementor - v3.21.0 - 25-04-2024 *\/\n.elementor-widget-image{text-align:center}.elementor-widget-image a{display:inline-block}.elementor-widget-image a img[src$=\".svg\"]{width:48px}.elementor-widget-image img{vertical-align:middle;display:inline-block}<\/style>\t\t\t\t\t\t\t\t\t\t<img fetchpriority=\"high\" decoding=\"async\" width=\"2560\" height=\"1707\" src=\"https:\/\/hssoluciones.deditec.dev\/wp-content\/uploads\/2024\/06\/circuit-board-close-up-with-different-components-1-scaled.jpg\" class=\"attachment-full size-full wp-image-961\" alt=\"\" srcset=\"https:\/\/hssoluciones.deditec.dev\/wp-content\/uploads\/2024\/06\/circuit-board-close-up-with-different-components-1-scaled.jpg 2560w, https:\/\/hssoluciones.deditec.dev\/wp-content\/uploads\/2024\/06\/circuit-board-close-up-with-different-components-1-300x200.jpg 300w, https:\/\/hssoluciones.deditec.dev\/wp-content\/uploads\/2024\/06\/circuit-board-close-up-with-different-components-1-1024x683.jpg 1024w, https:\/\/hssoluciones.deditec.dev\/wp-content\/uploads\/2024\/06\/circuit-board-close-up-with-different-components-1-768x512.jpg 768w\" sizes=\"(max-width: 2560px) 100vw, 2560px\" \/>\t\t\t\t\t\t\t\t\t\t\t\t\t<\/div>\n\t\t\t\t<\/div>\n\t\t<div class=\"elementor-element elementor-element-52e49d8e e-con-full e-flex e-con e-child\" data-id=\"52e49d8e\" data-element_type=\"container\" data-settings=\"{&quot;background_background&quot;:&quot;classic&quot;}\">\n\t\t\t\t<div class=\"elementor-element elementor-element-2f1f7340 elementor-widget elementor-widget-heading\" data-id=\"2f1f7340\" data-element_type=\"widget\" data-widget_type=\"heading.default\">\n\t\t\t\t<div class=\"elementor-widget-container\">\n\t\t\t<style>\/*! elementor - v3.21.0 - 25-04-2024 *\/\n.elementor-heading-title{padding:0;margin:0;line-height:1}.elementor-widget-heading .elementor-heading-title[class*=elementor-size-]>a{color:inherit;font-size:inherit;line-height:inherit}.elementor-widget-heading .elementor-heading-title.elementor-size-small{font-size:15px}.elementor-widget-heading .elementor-heading-title.elementor-size-medium{font-size:19px}.elementor-widget-heading .elementor-heading-title.elementor-size-large{font-size:29px}.elementor-widget-heading .elementor-heading-title.elementor-size-xl{font-size:39px}.elementor-widget-heading .elementor-heading-title.elementor-size-xxl{font-size:59px}<\/style><h1 class=\"elementor-heading-title elementor-size-default\">Venta de Equipos Inform\u00e1ticos e Impresoras<\/h1>\t\t<\/div>\n\t\t\t\t<\/div>\n\t\t\t\t<div class=\"elementor-element elementor-element-4fedf106 elementor-widget elementor-widget-text-editor\" data-id=\"4fedf106\" data-element_type=\"widget\" data-widget_type=\"text-editor.default\">\n\t\t\t\t<div class=\"elementor-widget-container\">\n\t\t\t<style>\/*! elementor - v3.21.0 - 25-04-2024 *\/\n.elementor-widget-text-editor.elementor-drop-cap-view-stacked .elementor-drop-cap{background-color:#69727d;color:#fff}.elementor-widget-text-editor.elementor-drop-cap-view-framed .elementor-drop-cap{color:#69727d;border:3px solid;background-color:transparent}.elementor-widget-text-editor:not(.elementor-drop-cap-view-default) .elementor-drop-cap{margin-top:8px}.elementor-widget-text-editor:not(.elementor-drop-cap-view-default) .elementor-drop-cap-letter{width:1em;height:1em}.elementor-widget-text-editor .elementor-drop-cap{float:left;text-align:center;line-height:1;font-size:50px}.elementor-widget-text-editor .elementor-drop-cap-letter{display:inline-block}<\/style>\t\t\t\t<p>En el entorno empresarial actual, la tecnolog\u00eda es esencial para la eficiencia y productividad. La modernizaci\u00f3n del hardware y la integraci\u00f3n de impresoras multifunci\u00f3n son claves para el funcionamiento diario de cualquier empresa.<\/p>\t\t\t\t\t\t<\/div>\n\t\t\t\t<\/div>\n\t\t\t\t<\/div>\n\t\t\t\t<\/div>\n\t\t<div class=\"elementor-element elementor-element-2925b02a e-con-full e-flex e-con e-parent\" data-id=\"2925b02a\" data-element_type=\"container\" data-settings=\"{&quot;background_background&quot;:&quot;classic&quot;}\">\n\t\t\t\t<\/div>\n\t\t<div class=\"elementor-element elementor-element-2a229edd e-con-full e-flex e-con e-parent\" data-id=\"2a229edd\" data-element_type=\"container\" data-settings=\"{&quot;background_background&quot;:&quot;classic&quot;}\">\n\t\t\t\t<div class=\"elementor-element elementor-element-53dec0c6 elementor-widget__width-initial elementor-widget-mobile__width-inherit elementor-widget elementor-widget-image-box\" data-id=\"53dec0c6\" data-element_type=\"widget\" data-widget_type=\"image-box.default\">\n\t\t\t\t<div class=\"elementor-widget-container\">\n\t\t\t<style>\/*! elementor - v3.21.0 - 25-04-2024 *\/\n.elementor-widget-image-box .elementor-image-box-content{width:100%}@media (min-width:768px){.elementor-widget-image-box.elementor-position-left .elementor-image-box-wrapper,.elementor-widget-image-box.elementor-position-right .elementor-image-box-wrapper{display:flex}.elementor-widget-image-box.elementor-position-right .elementor-image-box-wrapper{text-align:end;flex-direction:row-reverse}.elementor-widget-image-box.elementor-position-left .elementor-image-box-wrapper{text-align:start;flex-direction:row}.elementor-widget-image-box.elementor-position-top .elementor-image-box-img{margin:auto}.elementor-widget-image-box.elementor-vertical-align-top .elementor-image-box-wrapper{align-items:flex-start}.elementor-widget-image-box.elementor-vertical-align-middle .elementor-image-box-wrapper{align-items:center}.elementor-widget-image-box.elementor-vertical-align-bottom .elementor-image-box-wrapper{align-items:flex-end}}@media (max-width:767px){.elementor-widget-image-box .elementor-image-box-img{margin-left:auto!important;margin-right:auto!important;margin-bottom:15px}}.elementor-widget-image-box .elementor-image-box-img{display:inline-block}.elementor-widget-image-box .elementor-image-box-title a{color:inherit}.elementor-widget-image-box .elementor-image-box-wrapper{text-align:center}.elementor-widget-image-box .elementor-image-box-description{margin:0}<\/style><div class=\"elementor-image-box-wrapper\"><div class=\"elementor-image-box-content\"><h3 class=\"elementor-image-box-title\">Equipos Inform\u00e1ticos: Productividad y Seguridad<\/h3><p class=\"elementor-image-box-description\">La modernizaci\u00f3n de equipos inform\u00e1ticos, incluyendo computadoras de escritorio, port\u00e1tiles y servidores, es crucial para mantener la productividad y la seguridad. Los equipos inform\u00e1ticos modernos ofrecen mejoras significativas en rendimiento, seguridad y eficiencia energ\u00e9tica, adem\u00e1s de ser compatibles con nuevas tecnolog\u00edas.<\/p><\/div><\/div>\t\t<\/div>\n\t\t\t\t<\/div>\n\t\t<div class=\"elementor-element elementor-element-55ff41c8 e-con-full e-flex e-con e-child\" data-id=\"55ff41c8\" data-element_type=\"container\">\n\t\t\t\t<div class=\"elementor-element elementor-element-682f084b elementor-widget-tablet__width-initial elementor-widget-mobile__width-inherit elementor-widget__width-initial elementor-widget elementor-widget-icon-box\" data-id=\"682f084b\" data-element_type=\"widget\" data-widget_type=\"icon-box.default\">\n\t\t\t\t<div class=\"elementor-widget-container\">\n\t\t\t<link rel=\"stylesheet\" href=\"https:\/\/hssoluciones.deditec.dev\/wp-content\/plugins\/elementor\/assets\/css\/widget-icon-box.min.css\">\t\t<div class=\"elementor-icon-box-wrapper\">\n\n\t\t\t\n\t\t\t\t\t\t<div class=\"elementor-icon-box-content\">\n\n\t\t\t\t\t\t\t\t\t<h3 class=\"elementor-icon-box-title\">\n\t\t\t\t\t\t<span  >\n\t\t\t\t\t\t\tBeneficios de Equipos Inform\u00e1ticos Modernos\t\t\t\t\t\t<\/span>\n\t\t\t\t\t<\/h3>\n\t\t\t\t\n\t\t\t\t\t\t\t\t\t<p class=\"elementor-icon-box-description\">\n\t\t\t\t\t\t- Rendimiento Mejorado:\nProcesadores m\u00e1s r\u00e1pidos.\nMayor capacidad de memoria.\n<br>\n- Seguridad Aumentada:\nTecnolog\u00edas avanzadas de protecci\u00f3n de datos.\nCompatibilidad con Nuevas.\n<br>\n- Tecnolog\u00edas:\nAprovechamiento de los \u00faltimos servicios y aplicaciones.\n<br>\n- Eficiencia Energ\u00e9tica:\nReducci\u00f3n de costos operativos a largo plazo.\t\t\t\t\t<\/p>\n\t\t\t\t\n\t\t\t<\/div>\n\t\t\t\n\t\t<\/div>\n\t\t\t\t<\/div>\n\t\t\t\t<\/div>\n\t\t\t\t<\/div>\n\t\t\t\t<\/div>\n\t\t<div class=\"elementor-element elementor-element-314f4a81 e-flex e-con-boxed e-con e-parent\" data-id=\"314f4a81\" data-element_type=\"container\" data-settings=\"{&quot;background_background&quot;:&quot;classic&quot;}\">\n\t\t\t\t\t<div class=\"e-con-inner\">\n\t\t<div class=\"elementor-element elementor-element-49792831 e-con-full e-flex e-con e-child\" data-id=\"49792831\" data-element_type=\"container\">\n\t\t\t\t<div class=\"elementor-element elementor-element-753706cd animated-slow elementor-invisible elementor-widget elementor-widget-heading\" data-id=\"753706cd\" data-element_type=\"widget\" data-settings=\"{&quot;_animation&quot;:&quot;slideInUp&quot;}\" data-widget_type=\"heading.default\">\n\t\t\t\t<div class=\"elementor-widget-container\">\n\t\t\t<h2 class=\"elementor-heading-title elementor-size-default\">Impresoras y Multifuncionales<\/h2>\t\t<\/div>\n\t\t\t\t<\/div>\n\t\t\t\t<div class=\"elementor-element elementor-element-12db0c39 elementor-widget elementor-widget-text-editor\" data-id=\"12db0c39\" data-element_type=\"widget\" data-widget_type=\"text-editor.default\">\n\t\t\t\t<div class=\"elementor-widget-container\">\n\t\t\t\t\t\t\t<p>Las impresoras multifunci\u00f3n combinan impresi\u00f3n, escaneo, copiado y fax en un solo dispositivo, lo que ahorra espacio y costos. Estos dispositivos aceleran los procesos de documentaci\u00f3n y ofrecen conectividad Wi-Fi y capacidad de impresi\u00f3n m\u00f3vil, facilitando el trabajo remoto y la colaboraci\u00f3n en equipo.<\/p>\t\t\t\t\t\t<\/div>\n\t\t\t\t<\/div>\n\t\t\t\t<\/div>\n\t\t\t\t<div class=\"elementor-element elementor-element-29864fe6 elementor-widget elementor-widget-image\" data-id=\"29864fe6\" data-element_type=\"widget\" data-widget_type=\"image.default\">\n\t\t\t\t<div class=\"elementor-widget-container\">\n\t\t\t\t\t\t\t\t\t\t\t\t\t<img decoding=\"async\" width=\"800\" height=\"534\" src=\"https:\/\/hssoluciones.deditec.dev\/wp-content\/uploads\/2024\/06\/home-printer-based-toner-1-1-1024x683.jpg\" class=\"attachment-large size-large wp-image-851\" alt=\"\" srcset=\"https:\/\/hssoluciones.deditec.dev\/wp-content\/uploads\/2024\/06\/home-printer-based-toner-1-1-1024x683.jpg 1024w, https:\/\/hssoluciones.deditec.dev\/wp-content\/uploads\/2024\/06\/home-printer-based-toner-1-1-300x200.jpg 300w, https:\/\/hssoluciones.deditec.dev\/wp-content\/uploads\/2024\/06\/home-printer-based-toner-1-1-768x512.jpg 768w\" sizes=\"(max-width: 800px) 100vw, 800px\" \/>\t\t\t\t\t\t\t\t\t\t\t\t\t<\/div>\n\t\t\t\t<\/div>\n\t\t\t\t\t<\/div>\n\t\t\t\t<\/div>\n\t\t<div class=\"elementor-element elementor-element-3ae4eb2 e-flex e-con-boxed e-con e-parent\" data-id=\"3ae4eb2\" data-element_type=\"container\" data-settings=\"{&quot;background_background&quot;:&quot;classic&quot;}\">\n\t\t\t\t\t<div class=\"e-con-inner\">\n\t\t\t\t<div class=\"elementor-element elementor-element-1d3df76 elementor-widget elementor-widget-heading\" data-id=\"1d3df76\" data-element_type=\"widget\" data-widget_type=\"heading.default\">\n\t\t\t\t<div class=\"elementor-widget-container\">\n\t\t\t<h3 class=\"elementor-heading-title elementor-size-default\">Ventajas de Impresoras Multifunci\u00f3n<\/h3>\t\t<\/div>\n\t\t\t\t<\/div>\n\t\t\t\t<div class=\"elementor-element elementor-element-2854477 elementor-widget elementor-widget-text-editor\" data-id=\"2854477\" data-element_type=\"widget\" data-widget_type=\"text-editor.default\">\n\t\t\t\t<div class=\"elementor-widget-container\">\n\t\t\t\t\t\t\t<ul><li><strong>Ahorro de Espacio<\/strong>:<ul><li>Reducci\u00f3n de la necesidad de m\u00faltiples equipos<\/li><\/ul><\/li><li><strong>Reducci\u00f3n de Costos<\/strong>:<ul><li>Menores costos de mantenimiento y energ\u00eda<\/li><li>Eficiencia en el uso de tinta y papel<\/li><\/ul><\/li><li><strong>Mayor Eficiencia<\/strong>:<ul><li>Procesos de documentaci\u00f3n m\u00e1s r\u00e1pidos<\/li><\/ul><\/li><li><strong>Conectividad y Movilidad<\/strong>:<ul><li>Impresi\u00f3n desde dispositivos m\u00f3viles<\/li><li>Facilitaci\u00f3n del trabajo remoto<\/li><\/ul><\/li><\/ul>\t\t\t\t\t\t<\/div>\n\t\t\t\t<\/div>\n\t\t\t\t\t<\/div>\n\t\t\t\t<\/div>\n\t\t\t\t<\/div>\n\t\t","protected":false},"excerpt":{"rendered":"<p>Venta de Equipos Inform\u00e1ticos e Impresoras En el entorno empresarial actual, la tecnolog\u00eda es esencial para la eficiencia y productividad. La modernizaci\u00f3n del hardware y la integraci\u00f3n de impresoras multifunci\u00f3n son claves para el funcionamiento diario de cualquier empresa. Equipos Inform\u00e1ticos: Productividad y Seguridad La modernizaci\u00f3n de equipos inform\u00e1ticos, incluyendo computadoras de escritorio, port\u00e1tiles y [&hellip;]<\/p>\n","protected":false},"author":1,"featured_media":0,"parent":0,"menu_order":0,"comment_status":"closed","ping_status":"closed","template":"","meta":{"footnotes":""},"class_list":["post-771","page","type-page","status-publish","hentry"],"yoast_head":"<!-- This site is optimized with the Yoast SEO plugin v22.8 - https:\/\/yoast.com\/wordpress\/plugins\/seo\/ -->\n<title>Venta de equipos inform\u00e1ticos - H&amp;S Soluciones<\/title>\n<meta name=\"description\" content=\"La modernizaci\u00f3n de equipos inform\u00e1ticos, incluyendo computadoras de escritorio, port\u00e1tiles y servidores, es crucial para mantener la productividad y la seguridad\" \/>\n<meta name=\"robots\" content=\"index, follow, max-snippet:-1, max-image-preview:large, max-video-preview:-1\" \/>\n<link rel=\"canonical\" href=\"https:\/\/hssoluciones.deditec.dev\/index.php\/venta-de-equipos-informaticos\/\" \/>\n<meta property=\"og:locale\" content=\"es_ES\" \/>\n<meta property=\"og:type\" content=\"article\" \/>\n<meta property=\"og:title\" content=\"Venta de equipos inform\u00e1ticos - H&amp;S Soluciones\" \/>\n<meta property=\"og:description\" content=\"La modernizaci\u00f3n de equipos inform\u00e1ticos, incluyendo computadoras de escritorio, port\u00e1tiles y servidores, es crucial para mantener la productividad y la seguridad\" \/>\n<meta property=\"og:url\" content=\"https:\/\/hssoluciones.deditec.dev\/index.php\/venta-de-equipos-informaticos\/\" \/>\n<meta property=\"og:site_name\" content=\"H&amp;S Soluciones\" \/>\n<meta property=\"article:modified_time\" content=\"2024-06-13T11:37:16+00:00\" \/>\n<meta property=\"og:image\" content=\"https:\/\/hssoluciones.deditec.dev\/wp-content\/uploads\/2024\/06\/circuit-board-close-up-with-different-components-1-scaled.jpg\" \/>\n<meta name=\"twitter:card\" content=\"summary_large_image\" \/>\n<meta name=\"twitter:label1\" content=\"Tiempo de lectura\" \/>\n\t<meta name=\"twitter:data1\" content=\"2 minutos\" \/>\n<script type=\"application\/ld+json\" class=\"yoast-schema-graph\">{\"@context\":\"https:\/\/schema.org\",\"@graph\":[{\"@type\":\"WebPage\",\"@id\":\"https:\/\/hssoluciones.deditec.dev\/index.php\/venta-de-equipos-informaticos\/\",\"url\":\"https:\/\/hssoluciones.deditec.dev\/index.php\/venta-de-equipos-informaticos\/\",\"name\":\"Venta de equipos inform\u00e1ticos - H&amp;S Soluciones\",\"isPartOf\":{\"@id\":\"https:\/\/hssoluciones.deditec.dev\/#website\"},\"primaryImageOfPage\":{\"@id\":\"https:\/\/hssoluciones.deditec.dev\/index.php\/venta-de-equipos-informaticos\/#primaryimage\"},\"image\":{\"@id\":\"https:\/\/hssoluciones.deditec.dev\/index.php\/venta-de-equipos-informaticos\/#primaryimage\"},\"thumbnailUrl\":\"https:\/\/hssoluciones.deditec.dev\/wp-content\/uploads\/2024\/06\/circuit-board-close-up-with-different-components-1-scaled.jpg\",\"datePublished\":\"2024-06-05T06:41:13+00:00\",\"dateModified\":\"2024-06-13T11:37:16+00:00\",\"description\":\"La modernizaci\u00f3n de equipos inform\u00e1ticos, incluyendo computadoras de escritorio, port\u00e1tiles y servidores, es crucial para mantener la productividad y la seguridad\",\"breadcrumb\":{\"@id\":\"https:\/\/hssoluciones.deditec.dev\/index.php\/venta-de-equipos-informaticos\/#breadcrumb\"},\"inLanguage\":\"es\",\"potentialAction\":[{\"@type\":\"ReadAction\",\"target\":[\"https:\/\/hssoluciones.deditec.dev\/index.php\/venta-de-equipos-informaticos\/\"]}]},{\"@type\":\"ImageObject\",\"inLanguage\":\"es\",\"@id\":\"https:\/\/hssoluciones.deditec.dev\/index.php\/venta-de-equipos-informaticos\/#primaryimage\",\"url\":\"https:\/\/hssoluciones.deditec.dev\/wp-content\/uploads\/2024\/06\/circuit-board-close-up-with-different-components-1-scaled.jpg\",\"contentUrl\":\"https:\/\/hssoluciones.deditec.dev\/wp-content\/uploads\/2024\/06\/circuit-board-close-up-with-different-components-1-scaled.jpg\",\"width\":2560,\"height\":1707},{\"@type\":\"BreadcrumbList\",\"@id\":\"https:\/\/hssoluciones.deditec.dev\/index.php\/venta-de-equipos-informaticos\/#breadcrumb\",\"itemListElement\":[{\"@type\":\"ListItem\",\"position\":1,\"name\":\"Portada\",\"item\":\"https:\/\/hssoluciones.deditec.dev\/\"},{\"@type\":\"ListItem\",\"position\":2,\"name\":\"Venta de equipos inform\u00e1ticos\"}]},{\"@type\":\"WebSite\",\"@id\":\"https:\/\/hssoluciones.deditec.dev\/#website\",\"url\":\"https:\/\/hssoluciones.deditec.dev\/\",\"name\":\"H&amp;S Soluciones\",\"description\":\"\",\"publisher\":{\"@id\":\"https:\/\/hssoluciones.deditec.dev\/#organization\"},\"potentialAction\":[{\"@type\":\"SearchAction\",\"target\":{\"@type\":\"EntryPoint\",\"urlTemplate\":\"https:\/\/hssoluciones.deditec.dev\/?s={search_term_string}\"},\"query-input\":\"required name=search_term_string\"}],\"inLanguage\":\"es\"},{\"@type\":\"Organization\",\"@id\":\"https:\/\/hssoluciones.deditec.dev\/#organization\",\"name\":\"H&amp;S Soluciones\",\"url\":\"https:\/\/hssoluciones.deditec.dev\/\",\"logo\":{\"@type\":\"ImageObject\",\"inLanguage\":\"es\",\"@id\":\"https:\/\/hssoluciones.deditec.dev\/#\/schema\/logo\/image\/\",\"url\":\"https:\/\/hssoluciones.deditec.dev\/wp-content\/uploads\/2024\/04\/logo-hssoluciones-Photoroom.png-Photoroom.png\",\"contentUrl\":\"https:\/\/hssoluciones.deditec.dev\/wp-content\/uploads\/2024\/04\/logo-hssoluciones-Photoroom.png-Photoroom.png\",\"width\":328,\"height\":74,\"caption\":\"H&amp;S Soluciones\"},\"image\":{\"@id\":\"https:\/\/hssoluciones.deditec.dev\/#\/schema\/logo\/image\/\"}}]}<\/script>\n<!-- \/ Yoast SEO plugin. -->","yoast_head_json":{"title":"Venta de equipos inform\u00e1ticos - H&amp;S Soluciones","description":"La modernizaci\u00f3n de equipos inform\u00e1ticos, incluyendo computadoras de escritorio, port\u00e1tiles y servidores, es crucial para mantener la productividad y la seguridad","robots":{"index":"index","follow":"follow","max-snippet":"max-snippet:-1","max-image-preview":"max-image-preview:large","max-video-preview":"max-video-preview:-1"},"canonical":"https:\/\/hssoluciones.deditec.dev\/index.php\/venta-de-equipos-informaticos\/","og_locale":"es_ES","og_type":"article","og_title":"Venta de equipos inform\u00e1ticos - H&amp;S Soluciones","og_description":"La modernizaci\u00f3n de equipos inform\u00e1ticos, incluyendo computadoras de escritorio, port\u00e1tiles y servidores, es crucial para mantener la productividad y la seguridad","og_url":"https:\/\/hssoluciones.deditec.dev\/index.php\/venta-de-equipos-informaticos\/","og_site_name":"H&amp;S Soluciones","article_modified_time":"2024-06-13T11:37:16+00:00","og_image":[{"url":"https:\/\/hssoluciones.deditec.dev\/wp-content\/uploads\/2024\/06\/circuit-board-close-up-with-different-components-1-scaled.jpg"}],"twitter_card":"summary_large_image","twitter_misc":{"Tiempo de lectura":"2 minutos"},"schema":{"@context":"https:\/\/schema.org","@graph":[{"@type":"WebPage","@id":"https:\/\/hssoluciones.deditec.dev\/index.php\/venta-de-equipos-informaticos\/","url":"https:\/\/hssoluciones.deditec.dev\/index.php\/venta-de-equipos-informaticos\/","name":"Venta de equipos inform\u00e1ticos - H&amp;S Soluciones","isPartOf":{"@id":"https:\/\/hssoluciones.deditec.dev\/#website"},"primaryImageOfPage":{"@id":"https:\/\/hssoluciones.deditec.dev\/index.php\/venta-de-equipos-informaticos\/#primaryimage"},"image":{"@id":"https:\/\/hssoluciones.deditec.dev\/index.php\/venta-de-equipos-informaticos\/#primaryimage"},"thumbnailUrl":"https:\/\/hssoluciones.deditec.dev\/wp-content\/uploads\/2024\/06\/circuit-board-close-up-with-different-components-1-scaled.jpg","datePublished":"2024-06-05T06:41:13+00:00","dateModified":"2024-06-13T11:37:16+00:00","description":"La modernizaci\u00f3n de equipos inform\u00e1ticos, incluyendo computadoras de escritorio, port\u00e1tiles y servidores, es crucial para mantener la productividad y la seguridad","breadcrumb":{"@id":"https:\/\/hssoluciones.deditec.dev\/index.php\/venta-de-equipos-informaticos\/#breadcrumb"},"inLanguage":"es","potentialAction":[{"@type":"ReadAction","target":["https:\/\/hssoluciones.deditec.dev\/index.php\/venta-de-equipos-informaticos\/"]}]},{"@type":"ImageObject","inLanguage":"es","@id":"https:\/\/hssoluciones.deditec.dev\/index.php\/venta-de-equipos-informaticos\/#primaryimage","url":"https:\/\/hssoluciones.deditec.dev\/wp-content\/uploads\/2024\/06\/circuit-board-close-up-with-different-components-1-scaled.jpg","contentUrl":"https:\/\/hssoluciones.deditec.dev\/wp-content\/uploads\/2024\/06\/circuit-board-close-up-with-different-components-1-scaled.jpg","width":2560,"height":1707},{"@type":"BreadcrumbList","@id":"https:\/\/hssoluciones.deditec.dev\/index.php\/venta-de-equipos-informaticos\/#breadcrumb","itemListElement":[{"@type":"ListItem","position":1,"name":"Portada","item":"https:\/\/hssoluciones.deditec.dev\/"},{"@type":"ListItem","position":2,"name":"Venta de equipos inform\u00e1ticos"}]},{"@type":"WebSite","@id":"https:\/\/hssoluciones.deditec.dev\/#website","url":"https:\/\/hssoluciones.deditec.dev\/","name":"H&amp;S Soluciones","description":"","publisher":{"@id":"https:\/\/hssoluciones.deditec.dev\/#organization"},"potentialAction":[{"@type":"SearchAction","target":{"@type":"EntryPoint","urlTemplate":"https:\/\/hssoluciones.deditec.dev\/?s={search_term_string}"},"query-input":"required name=search_term_string"}],"inLanguage":"es"},{"@type":"Organization","@id":"https:\/\/hssoluciones.deditec.dev\/#organization","name":"H&amp;S Soluciones","url":"https:\/\/hssoluciones.deditec.dev\/","logo":{"@type":"ImageObject","inLanguage":"es","@id":"https:\/\/hssoluciones.deditec.dev\/#\/schema\/logo\/image\/","url":"https:\/\/hssoluciones.deditec.dev\/wp-content\/uploads\/2024\/04\/logo-hssoluciones-Photoroom.png-Photoroom.png","contentUrl":"https:\/\/hssoluciones.deditec.dev\/wp-content\/uploads\/2024\/04\/logo-hssoluciones-Photoroom.png-Photoroom.png","width":328,"height":74,"caption":"H&amp;S Soluciones"},"image":{"@id":"https:\/\/hssoluciones.deditec.dev\/#\/schema\/logo\/image\/"}}]}},"_links":{"self":[{"href":"https:\/\/hssoluciones.deditec.dev\/index.php\/wp-json\/wp\/v2\/pages\/771","targetHints":{"allow":["GET"]}}],"collection":[{"href":"https:\/\/hssoluciones.deditec.dev\/index.php\/wp-json\/wp\/v2\/pages"}],"about":[{"href":"https:\/\/hssoluciones.deditec.dev\/index.php\/wp-json\/wp\/v2\/types\/page"}],"author":[{"embeddable":true,"href":"https:\/\/hssoluciones.deditec.dev\/index.php\/wp-json\/wp\/v2\/users\/1"}],"replies":[{"embeddable":true,"href":"https:\/\/hssoluciones.deditec.dev\/index.php\/wp-json\/wp\/v2\/comments?post=771"}],"version-history":[{"count":64,"href":"https:\/\/hssoluciones.deditec.dev\/index.php\/wp-json\/wp\/v2\/pages\/771\/revisions"}],"predecessor-version":[{"id":1020,"href":"https:\/\/hssoluciones.deditec.dev\/index.php\/wp-json\/wp\/v2\/pages\/771\/revisions\/1020"}],"wp:attachment":[{"href":"https:\/\/hssoluciones.deditec.dev\/index.php\/wp-json\/wp\/v2\/media?parent=771"}],"curies":[{"name":"wp","href":"https:\/\/api.w.org\/{rel}","templated":true}]}}