{"id":538,"date":"2024-05-08T11:00:52","date_gmt":"2024-05-08T11:00:52","guid":{"rendered":"https:\/\/hssoluciones.deditec.dev\/?page_id=538"},"modified":"2024-06-13T11:12:41","modified_gmt":"2024-06-13T11:12:41","slug":"cuadernocampo-es","status":"publish","type":"page","link":"https:\/\/hssoluciones.deditec.dev\/index.php\/cuadernocampo-es\/","title":{"rendered":"Cuadernocampo.es"},"content":{"rendered":"\t\t<div data-elementor-type=\"wp-page\" data-elementor-id=\"538\" class=\"elementor elementor-538\" data-elementor-post-type=\"page\">\n\t\t\t\t<div class=\"elementor-element elementor-element-5347450b e-con-full e-flex e-con e-parent\" data-id=\"5347450b\" data-element_type=\"container\" data-settings=\"{&quot;background_background&quot;:&quot;classic&quot;}\">\n\t\t<div class=\"elementor-element elementor-element-324f16ce e-con-full e-flex e-con e-child\" data-id=\"324f16ce\" data-element_type=\"container\" data-settings=\"{&quot;background_background&quot;:&quot;classic&quot;}\">\n\t\t\t\t<\/div>\n\t\t<div class=\"elementor-element elementor-element-64ecec97 e-con-full e-flex e-con e-child\" data-id=\"64ecec97\" data-element_type=\"container\">\n\t\t\t\t<div class=\"elementor-element elementor-element-5913bba elementor-widget elementor-widget-heading\" data-id=\"5913bba\" data-element_type=\"widget\" data-widget_type=\"heading.default\">\n\t\t\t\t<div class=\"elementor-widget-container\">\n\t\t\t<style>\/*! elementor - v3.21.0 - 25-04-2024 *\/\n.elementor-heading-title{padding:0;margin:0;line-height:1}.elementor-widget-heading .elementor-heading-title[class*=elementor-size-]>a{color:inherit;font-size:inherit;line-height:inherit}.elementor-widget-heading .elementor-heading-title.elementor-size-small{font-size:15px}.elementor-widget-heading .elementor-heading-title.elementor-size-medium{font-size:19px}.elementor-widget-heading .elementor-heading-title.elementor-size-large{font-size:29px}.elementor-widget-heading .elementor-heading-title.elementor-size-xl{font-size:39px}.elementor-widget-heading .elementor-heading-title.elementor-size-xxl{font-size:59px}<\/style><h1 class=\"elementor-heading-title elementor-size-default\">Cuadernocampo.es<\/h1>\t\t<\/div>\n\t\t\t\t<\/div>\n\t\t\t\t<div class=\"elementor-element elementor-element-4455893 elementor-widget elementor-widget-text-editor\" data-id=\"4455893\" data-element_type=\"widget\" data-widget_type=\"text-editor.default\">\n\t\t\t\t<div class=\"elementor-widget-container\">\n\t\t\t<style>\/*! elementor - v3.21.0 - 25-04-2024 *\/\n.elementor-widget-text-editor.elementor-drop-cap-view-stacked .elementor-drop-cap{background-color:#69727d;color:#fff}.elementor-widget-text-editor.elementor-drop-cap-view-framed .elementor-drop-cap{color:#69727d;border:3px solid;background-color:transparent}.elementor-widget-text-editor:not(.elementor-drop-cap-view-default) .elementor-drop-cap{margin-top:8px}.elementor-widget-text-editor:not(.elementor-drop-cap-view-default) .elementor-drop-cap-letter{width:1em;height:1em}.elementor-widget-text-editor .elementor-drop-cap{float:left;text-align:center;line-height:1;font-size:50px}.elementor-widget-text-editor .elementor-drop-cap-letter{display:inline-block}<\/style>\t\t\t\t<p>Facilita la gesti\u00f3n del registro de fitosanitarios en las explotaciones agr\u00edcolas seg\u00fan el Real Decreto 1311\/2012.<\/p>\t\t\t\t\t\t<\/div>\n\t\t\t\t<\/div>\n\t\t\t\t<div class=\"elementor-element elementor-element-2955151 elementor-widget elementor-widget-heading\" data-id=\"2955151\" data-element_type=\"widget\" data-widget_type=\"heading.default\">\n\t\t\t\t<div class=\"elementor-widget-container\">\n\t\t\t<h2 class=\"elementor-heading-title elementor-size-default\">Caracter\u00edsticas cuadernocampo.es<\/h2>\t\t<\/div>\n\t\t\t\t<\/div>\n\t\t\t\t<div class=\"elementor-element elementor-element-3875cfe elementor-widget elementor-widget-text-editor\" data-id=\"3875cfe\" data-element_type=\"widget\" data-widget_type=\"text-editor.default\">\n\t\t\t\t<div class=\"elementor-widget-container\">\n\t\t\t\t\t\t\t<div class=\"g-infolist-item \"><div class=\"g-infolist-item-title \"><h5>&#8211;<span style=\"text-decoration: underline;\"> Parcelas<\/span><\/h5><\/div><div class=\"g-infolist-item-desc\">Registro de las parcelas de su explotaci\u00f3n agr\u00edcola.<\/div><\/div><div class=\"g-infolist-item \"><div class=\"g-infolist-item-title \"><h5>&#8211; <span style=\"text-decoration: underline;\">Cultivos<\/span><\/h5><\/div><div class=\"g-infolist-item-desc\">Registro de cultivos viculados a las parcelas as\u00ed como el tipo de riego, sistemas de certificaci\u00f3n, protecci\u00f3n, etc.<\/div><\/div><div class=\"g-infolist-item \"><div class=\"g-infolist-item-title \"><h5>&#8211; <span style=\"text-decoration: underline;\">Fitosanitarios<\/span><\/h5><\/div><div class=\"g-infolist-item-desc\">Introducci\u00f3n de los tratamientos fotosanitarios realizados en su explotaci\u00f3n.<\/div><\/div><div class=\"g-infolist-item \"><div class=\"g-infolist-item-title \"><h5>&#8211;<span style=\"text-decoration: underline;\"> Asesores y aplicadores<\/span><\/h5><\/div><div class=\"g-infolist-item-desc\">Informaci\u00f3n relativa a los asesores y aplicadores que van a participar en los tratamientos fitosanitarios de la explotaci\u00f3n.<\/div><\/div><div class=\"g-infolist-item \"><div class=\"g-infolist-item-title \"><h5>&#8211;<span style=\"text-decoration: underline;\"> Pozos y masas de agua<\/span><\/h5><\/div><div class=\"g-infolist-item-desc\">Registro de todos los pozos y masas de agua utilizadas para consumo humano cercanos a sus parcelas.<\/div><\/div><div class=\"g-infolist-item \"><div class=\"g-infolist-item-title \"><h5>&#8211;<span style=\"text-decoration: underline;\"> G.I.P.<\/span><\/h5><\/div><div class=\"g-infolist-item-desc\">Documentaci\u00f3n de asesoramiento para la gesti\u00f3n integrada de plagas<\/div><\/div>\t\t\t\t\t\t<\/div>\n\t\t\t\t<\/div>\n\t\t\t\t<\/div>\n\t\t\t\t<\/div>\n\t\t\t\t<\/div>\n\t\t","protected":false},"excerpt":{"rendered":"<p>Cuadernocampo.es Facilita la gesti\u00f3n del registro de fitosanitarios en las explotaciones agr\u00edcolas seg\u00fan el Real Decreto 1311\/2012. Caracter\u00edsticas cuadernocampo.es &#8211; Parcelas Registro de las parcelas de su explotaci\u00f3n agr\u00edcola. &#8211; Cultivos Registro de cultivos viculados a las parcelas as\u00ed como el tipo de riego, sistemas de certificaci\u00f3n, protecci\u00f3n, etc. &#8211; Fitosanitarios Introducci\u00f3n de los tratamientos [&hellip;]<\/p>\n","protected":false},"author":1,"featured_media":0,"parent":0,"menu_order":0,"comment_status":"closed","ping_status":"closed","template":"","meta":{"footnotes":""},"class_list":["post-538","page","type-page","status-publish","hentry"],"yoast_head":"<!-- This site is optimized with the Yoast SEO plugin v22.8 - https:\/\/yoast.com\/wordpress\/plugins\/seo\/ -->\n<title>Cuadernocampo.es - H&amp;S Soluciones<\/title>\n<meta name=\"description\" content=\"Cuadernocampo.es facilita la gesti\u00f3n del registro de fitosanitarios en las explotaciones agr\u00edcolas seg\u00fan el Real Decreto 1311\/2012.\" \/>\n<meta name=\"robots\" content=\"index, follow, max-snippet:-1, max-image-preview:large, max-video-preview:-1\" \/>\n<link rel=\"canonical\" href=\"https:\/\/hssoluciones.deditec.dev\/index.php\/cuadernocampo-es\/\" \/>\n<meta property=\"og:locale\" content=\"es_ES\" \/>\n<meta property=\"og:type\" content=\"article\" \/>\n<meta property=\"og:title\" content=\"Cuadernocampo.es - H&amp;S Soluciones\" \/>\n<meta property=\"og:description\" content=\"Cuadernocampo.es facilita la gesti\u00f3n del registro de fitosanitarios en las explotaciones agr\u00edcolas seg\u00fan el Real Decreto 1311\/2012.\" \/>\n<meta property=\"og:url\" content=\"https:\/\/hssoluciones.deditec.dev\/index.php\/cuadernocampo-es\/\" \/>\n<meta property=\"og:site_name\" content=\"H&amp;S Soluciones\" \/>\n<meta property=\"article:modified_time\" content=\"2024-06-13T11:12:41+00:00\" \/>\n<meta name=\"twitter:card\" content=\"summary_large_image\" \/>\n<meta name=\"twitter:label1\" content=\"Tiempo de lectura\" \/>\n\t<meta name=\"twitter:data1\" content=\"1 minuto\" \/>\n<script type=\"application\/ld+json\" class=\"yoast-schema-graph\">{\"@context\":\"https:\/\/schema.org\",\"@graph\":[{\"@type\":\"WebPage\",\"@id\":\"https:\/\/hssoluciones.deditec.dev\/index.php\/cuadernocampo-es\/\",\"url\":\"https:\/\/hssoluciones.deditec.dev\/index.php\/cuadernocampo-es\/\",\"name\":\"Cuadernocampo.es - H&amp;S Soluciones\",\"isPartOf\":{\"@id\":\"https:\/\/hssoluciones.deditec.dev\/#website\"},\"datePublished\":\"2024-05-08T11:00:52+00:00\",\"dateModified\":\"2024-06-13T11:12:41+00:00\",\"description\":\"Cuadernocampo.es facilita la gesti\u00f3n del registro de fitosanitarios en las explotaciones agr\u00edcolas seg\u00fan el Real Decreto 1311\/2012.\",\"breadcrumb\":{\"@id\":\"https:\/\/hssoluciones.deditec.dev\/index.php\/cuadernocampo-es\/#breadcrumb\"},\"inLanguage\":\"es\",\"potentialAction\":[{\"@type\":\"ReadAction\",\"target\":[\"https:\/\/hssoluciones.deditec.dev\/index.php\/cuadernocampo-es\/\"]}]},{\"@type\":\"BreadcrumbList\",\"@id\":\"https:\/\/hssoluciones.deditec.dev\/index.php\/cuadernocampo-es\/#breadcrumb\",\"itemListElement\":[{\"@type\":\"ListItem\",\"position\":1,\"name\":\"Portada\",\"item\":\"https:\/\/hssoluciones.deditec.dev\/\"},{\"@type\":\"ListItem\",\"position\":2,\"name\":\"Cuadernocampo.es\"}]},{\"@type\":\"WebSite\",\"@id\":\"https:\/\/hssoluciones.deditec.dev\/#website\",\"url\":\"https:\/\/hssoluciones.deditec.dev\/\",\"name\":\"H&amp;S Soluciones\",\"description\":\"\",\"publisher\":{\"@id\":\"https:\/\/hssoluciones.deditec.dev\/#organization\"},\"potentialAction\":[{\"@type\":\"SearchAction\",\"target\":{\"@type\":\"EntryPoint\",\"urlTemplate\":\"https:\/\/hssoluciones.deditec.dev\/?s={search_term_string}\"},\"query-input\":\"required name=search_term_string\"}],\"inLanguage\":\"es\"},{\"@type\":\"Organization\",\"@id\":\"https:\/\/hssoluciones.deditec.dev\/#organization\",\"name\":\"H&amp;S Soluciones\",\"url\":\"https:\/\/hssoluciones.deditec.dev\/\",\"logo\":{\"@type\":\"ImageObject\",\"inLanguage\":\"es\",\"@id\":\"https:\/\/hssoluciones.deditec.dev\/#\/schema\/logo\/image\/\",\"url\":\"https:\/\/hssoluciones.deditec.dev\/wp-content\/uploads\/2024\/04\/logo-hssoluciones-Photoroom.png-Photoroom.png\",\"contentUrl\":\"https:\/\/hssoluciones.deditec.dev\/wp-content\/uploads\/2024\/04\/logo-hssoluciones-Photoroom.png-Photoroom.png\",\"width\":328,\"height\":74,\"caption\":\"H&amp;S Soluciones\"},\"image\":{\"@id\":\"https:\/\/hssoluciones.deditec.dev\/#\/schema\/logo\/image\/\"}}]}<\/script>\n<!-- \/ Yoast SEO plugin. -->","yoast_head_json":{"title":"Cuadernocampo.es - H&amp;S Soluciones","description":"Cuadernocampo.es facilita la gesti\u00f3n del registro de fitosanitarios en las explotaciones agr\u00edcolas seg\u00fan el Real Decreto 1311\/2012.","robots":{"index":"index","follow":"follow","max-snippet":"max-snippet:-1","max-image-preview":"max-image-preview:large","max-video-preview":"max-video-preview:-1"},"canonical":"https:\/\/hssoluciones.deditec.dev\/index.php\/cuadernocampo-es\/","og_locale":"es_ES","og_type":"article","og_title":"Cuadernocampo.es - H&amp;S Soluciones","og_description":"Cuadernocampo.es facilita la gesti\u00f3n del registro de fitosanitarios en las explotaciones agr\u00edcolas seg\u00fan el Real Decreto 1311\/2012.","og_url":"https:\/\/hssoluciones.deditec.dev\/index.php\/cuadernocampo-es\/","og_site_name":"H&amp;S Soluciones","article_modified_time":"2024-06-13T11:12:41+00:00","twitter_card":"summary_large_image","twitter_misc":{"Tiempo de lectura":"1 minuto"},"schema":{"@context":"https:\/\/schema.org","@graph":[{"@type":"WebPage","@id":"https:\/\/hssoluciones.deditec.dev\/index.php\/cuadernocampo-es\/","url":"https:\/\/hssoluciones.deditec.dev\/index.php\/cuadernocampo-es\/","name":"Cuadernocampo.es - H&amp;S Soluciones","isPartOf":{"@id":"https:\/\/hssoluciones.deditec.dev\/#website"},"datePublished":"2024-05-08T11:00:52+00:00","dateModified":"2024-06-13T11:12:41+00:00","description":"Cuadernocampo.es facilita la gesti\u00f3n del registro de fitosanitarios en las explotaciones agr\u00edcolas seg\u00fan el Real Decreto 1311\/2012.","breadcrumb":{"@id":"https:\/\/hssoluciones.deditec.dev\/index.php\/cuadernocampo-es\/#breadcrumb"},"inLanguage":"es","potentialAction":[{"@type":"ReadAction","target":["https:\/\/hssoluciones.deditec.dev\/index.php\/cuadernocampo-es\/"]}]},{"@type":"BreadcrumbList","@id":"https:\/\/hssoluciones.deditec.dev\/index.php\/cuadernocampo-es\/#breadcrumb","itemListElement":[{"@type":"ListItem","position":1,"name":"Portada","item":"https:\/\/hssoluciones.deditec.dev\/"},{"@type":"ListItem","position":2,"name":"Cuadernocampo.es"}]},{"@type":"WebSite","@id":"https:\/\/hssoluciones.deditec.dev\/#website","url":"https:\/\/hssoluciones.deditec.dev\/","name":"H&amp;S Soluciones","description":"","publisher":{"@id":"https:\/\/hssoluciones.deditec.dev\/#organization"},"potentialAction":[{"@type":"SearchAction","target":{"@type":"EntryPoint","urlTemplate":"https:\/\/hssoluciones.deditec.dev\/?s={search_term_string}"},"query-input":"required name=search_term_string"}],"inLanguage":"es"},{"@type":"Organization","@id":"https:\/\/hssoluciones.deditec.dev\/#organization","name":"H&amp;S Soluciones","url":"https:\/\/hssoluciones.deditec.dev\/","logo":{"@type":"ImageObject","inLanguage":"es","@id":"https:\/\/hssoluciones.deditec.dev\/#\/schema\/logo\/image\/","url":"https:\/\/hssoluciones.deditec.dev\/wp-content\/uploads\/2024\/04\/logo-hssoluciones-Photoroom.png-Photoroom.png","contentUrl":"https:\/\/hssoluciones.deditec.dev\/wp-content\/uploads\/2024\/04\/logo-hssoluciones-Photoroom.png-Photoroom.png","width":328,"height":74,"caption":"H&amp;S Soluciones"},"image":{"@id":"https:\/\/hssoluciones.deditec.dev\/#\/schema\/logo\/image\/"}}]}},"_links":{"self":[{"href":"https:\/\/hssoluciones.deditec.dev\/index.php\/wp-json\/wp\/v2\/pages\/538","targetHints":{"allow":["GET"]}}],"collection":[{"href":"https:\/\/hssoluciones.deditec.dev\/index.php\/wp-json\/wp\/v2\/pages"}],"about":[{"href":"https:\/\/hssoluciones.deditec.dev\/index.php\/wp-json\/wp\/v2\/types\/page"}],"author":[{"embeddable":true,"href":"https:\/\/hssoluciones.deditec.dev\/index.php\/wp-json\/wp\/v2\/users\/1"}],"replies":[{"embeddable":true,"href":"https:\/\/hssoluciones.deditec.dev\/index.php\/wp-json\/wp\/v2\/comments?post=538"}],"version-history":[{"count":19,"href":"https:\/\/hssoluciones.deditec.dev\/index.php\/wp-json\/wp\/v2\/pages\/538\/revisions"}],"predecessor-version":[{"id":1011,"href":"https:\/\/hssoluciones.deditec.dev\/index.php\/wp-json\/wp\/v2\/pages\/538\/revisions\/1011"}],"wp:attachment":[{"href":"https:\/\/hssoluciones.deditec.dev\/index.php\/wp-json\/wp\/v2\/media?parent=538"}],"curies":[{"name":"wp","href":"https:\/\/api.w.org\/{rel}","templated":true}]}}