{"id":273,"date":"2024-05-02T10:20:49","date_gmt":"2024-05-02T10:20:49","guid":{"rendered":"https:\/\/hssoluciones.deditec.dev\/?page_id=273"},"modified":"2024-06-13T11:28:19","modified_gmt":"2024-06-13T11:28:19","slug":"reservas-online-am-hotel","status":"publish","type":"page","link":"https:\/\/hssoluciones.deditec.dev\/index.php\/reservas-online-am-hotel\/","title":{"rendered":"Reservas online AM\/Hotel"},"content":{"rendered":"\t\t<div data-elementor-type=\"wp-page\" data-elementor-id=\"273\" class=\"elementor elementor-273\" data-elementor-post-type=\"page\">\n\t\t\t\t<div class=\"elementor-element elementor-element-3bcee631 e-con-full e-flex e-con e-parent\" data-id=\"3bcee631\" data-element_type=\"container\" data-settings=\"{&quot;background_background&quot;:&quot;gradient&quot;}\">\n\t\t<div class=\"elementor-element elementor-element-69689569 e-con-full e-flex e-con e-child\" data-id=\"69689569\" data-element_type=\"container\">\n\t\t\t\t<div class=\"elementor-element elementor-element-3fb371bd elementor-widget__width-initial elementor-widget-tablet__width-inherit elementor-widget elementor-widget-heading\" data-id=\"3fb371bd\" data-element_type=\"widget\" data-widget_type=\"heading.default\">\n\t\t\t\t<div class=\"elementor-widget-container\">\n\t\t\t<style>\/*! elementor - v3.21.0 - 25-04-2024 *\/\n.elementor-heading-title{padding:0;margin:0;line-height:1}.elementor-widget-heading .elementor-heading-title[class*=elementor-size-]>a{color:inherit;font-size:inherit;line-height:inherit}.elementor-widget-heading .elementor-heading-title.elementor-size-small{font-size:15px}.elementor-widget-heading .elementor-heading-title.elementor-size-medium{font-size:19px}.elementor-widget-heading .elementor-heading-title.elementor-size-large{font-size:29px}.elementor-widget-heading .elementor-heading-title.elementor-size-xl{font-size:39px}.elementor-widget-heading .elementor-heading-title.elementor-size-xxl{font-size:59px}<\/style><h2 class=\"elementor-heading-title elementor-size-default\">Reservas online<\/h2>\t\t<\/div>\n\t\t\t\t<\/div>\n\t\t\t\t<div class=\"elementor-element elementor-element-602dce2b elementor-widget__width-initial elementor-widget-tablet__width-inherit elementor-widget elementor-widget-text-editor\" data-id=\"602dce2b\" data-element_type=\"widget\" data-widget_type=\"text-editor.default\">\n\t\t\t\t<div class=\"elementor-widget-container\">\n\t\t\t<style>\/*! elementor - v3.21.0 - 25-04-2024 *\/\n.elementor-widget-text-editor.elementor-drop-cap-view-stacked .elementor-drop-cap{background-color:#69727d;color:#fff}.elementor-widget-text-editor.elementor-drop-cap-view-framed .elementor-drop-cap{color:#69727d;border:3px solid;background-color:transparent}.elementor-widget-text-editor:not(.elementor-drop-cap-view-default) .elementor-drop-cap{margin-top:8px}.elementor-widget-text-editor:not(.elementor-drop-cap-view-default) .elementor-drop-cap-letter{width:1em;height:1em}.elementor-widget-text-editor .elementor-drop-cap{float:left;text-align:center;line-height:1;font-size:50px}.elementor-widget-text-editor .elementor-drop-cap-letter{display:inline-block}<\/style>\t\t\t\t<div class=\"g-promocontent-desc-wrapper\"><span class=\"g-textpromo\">Central de reservas la forma m\u00e1s sencilla de realizar sus reservas hoteleras <\/span><span class=\"g-textpromo\">en tiempo real y de una forma sencilla, c\u00f3moda y segura.<\/span><\/div>\t\t\t\t\t\t<\/div>\n\t\t\t\t<\/div>\n\t\t\t\t<div class=\"elementor-element elementor-element-aef7dc9 elementor-widget-divider--view-line elementor-widget elementor-widget-divider\" data-id=\"aef7dc9\" data-element_type=\"widget\" data-widget_type=\"divider.default\">\n\t\t\t\t<div class=\"elementor-widget-container\">\n\t\t\t<style>\/*! elementor - v3.21.0 - 25-04-2024 *\/\n.elementor-widget-divider{--divider-border-style:none;--divider-border-width:1px;--divider-color:#0c0d0e;--divider-icon-size:20px;--divider-element-spacing:10px;--divider-pattern-height:24px;--divider-pattern-size:20px;--divider-pattern-url:none;--divider-pattern-repeat:repeat-x}.elementor-widget-divider .elementor-divider{display:flex}.elementor-widget-divider .elementor-divider__text{font-size:15px;line-height:1;max-width:95%}.elementor-widget-divider .elementor-divider__element{margin:0 var(--divider-element-spacing);flex-shrink:0}.elementor-widget-divider .elementor-icon{font-size:var(--divider-icon-size)}.elementor-widget-divider .elementor-divider-separator{display:flex;margin:0;direction:ltr}.elementor-widget-divider--view-line_icon .elementor-divider-separator,.elementor-widget-divider--view-line_text .elementor-divider-separator{align-items:center}.elementor-widget-divider--view-line_icon .elementor-divider-separator:after,.elementor-widget-divider--view-line_icon .elementor-divider-separator:before,.elementor-widget-divider--view-line_text .elementor-divider-separator:after,.elementor-widget-divider--view-line_text .elementor-divider-separator:before{display:block;content:\"\";border-block-end:0;flex-grow:1;border-block-start:var(--divider-border-width) var(--divider-border-style) var(--divider-color)}.elementor-widget-divider--element-align-left .elementor-divider .elementor-divider-separator>.elementor-divider__svg:first-of-type{flex-grow:0;flex-shrink:100}.elementor-widget-divider--element-align-left .elementor-divider-separator:before{content:none}.elementor-widget-divider--element-align-left .elementor-divider__element{margin-left:0}.elementor-widget-divider--element-align-right .elementor-divider .elementor-divider-separator>.elementor-divider__svg:last-of-type{flex-grow:0;flex-shrink:100}.elementor-widget-divider--element-align-right .elementor-divider-separator:after{content:none}.elementor-widget-divider--element-align-right .elementor-divider__element{margin-right:0}.elementor-widget-divider--element-align-start .elementor-divider .elementor-divider-separator>.elementor-divider__svg:first-of-type{flex-grow:0;flex-shrink:100}.elementor-widget-divider--element-align-start .elementor-divider-separator:before{content:none}.elementor-widget-divider--element-align-start .elementor-divider__element{margin-inline-start:0}.elementor-widget-divider--element-align-end .elementor-divider .elementor-divider-separator>.elementor-divider__svg:last-of-type{flex-grow:0;flex-shrink:100}.elementor-widget-divider--element-align-end .elementor-divider-separator:after{content:none}.elementor-widget-divider--element-align-end .elementor-divider__element{margin-inline-end:0}.elementor-widget-divider:not(.elementor-widget-divider--view-line_text):not(.elementor-widget-divider--view-line_icon) .elementor-divider-separator{border-block-start:var(--divider-border-width) var(--divider-border-style) var(--divider-color)}.elementor-widget-divider--separator-type-pattern{--divider-border-style:none}.elementor-widget-divider--separator-type-pattern.elementor-widget-divider--view-line .elementor-divider-separator,.elementor-widget-divider--separator-type-pattern:not(.elementor-widget-divider--view-line) .elementor-divider-separator:after,.elementor-widget-divider--separator-type-pattern:not(.elementor-widget-divider--view-line) .elementor-divider-separator:before,.elementor-widget-divider--separator-type-pattern:not([class*=elementor-widget-divider--view]) .elementor-divider-separator{width:100%;min-height:var(--divider-pattern-height);-webkit-mask-size:var(--divider-pattern-size) 100%;mask-size:var(--divider-pattern-size) 100%;-webkit-mask-repeat:var(--divider-pattern-repeat);mask-repeat:var(--divider-pattern-repeat);background-color:var(--divider-color);-webkit-mask-image:var(--divider-pattern-url);mask-image:var(--divider-pattern-url)}.elementor-widget-divider--no-spacing{--divider-pattern-size:auto}.elementor-widget-divider--bg-round{--divider-pattern-repeat:round}.rtl .elementor-widget-divider .elementor-divider__text{direction:rtl}.e-con-inner>.elementor-widget-divider,.e-con>.elementor-widget-divider{width:var(--container-widget-width,100%);--flex-grow:var(--container-widget-flex-grow)}<\/style>\t\t<div class=\"elementor-divider\">\n\t\t\t<span class=\"elementor-divider-separator\">\n\t\t\t\t\t\t<\/span>\n\t\t<\/div>\n\t\t\t\t<\/div>\n\t\t\t\t<\/div>\n\t\t<div class=\"elementor-element elementor-element-79c9ba9 e-con-full e-flex e-con e-child\" data-id=\"79c9ba9\" data-element_type=\"container\" data-settings=\"{&quot;background_background&quot;:&quot;classic&quot;}\">\n\t\t\t\t<div class=\"elementor-element elementor-element-c8a7976 elementor-widget elementor-widget-heading\" data-id=\"c8a7976\" data-element_type=\"widget\" data-widget_type=\"heading.default\">\n\t\t\t\t<div class=\"elementor-widget-container\">\n\t\t\t<h4 class=\"elementor-heading-title elementor-size-default\">Central de Reservas AM System es una aplicaci\u00f3n orientada a integrar su programa AM Hotel con una p\u00e1gina web desde la cual sus clientes podr\u00e1n realizar reservas online, facilitando el trabajo diario, automatizando procesos y unificando dos funciones que har\u00e1n ahorrar tiempo tanto a usted como a su cliente final.<\/h4>\t\t<\/div>\n\t\t\t\t<\/div>\n\t\t\t\t<\/div>\n\t\t\t\t<\/div>\n\t\t<div class=\"elementor-element elementor-element-4a6bd5e6 e-flex e-con-boxed e-con e-child\" data-id=\"4a6bd5e6\" data-element_type=\"container\">\n\t\t\t\t\t<div class=\"e-con-inner\">\n\t\t\t\t<div class=\"elementor-element elementor-element-2f40f98b elementor-invisible elementor-widget elementor-widget-icon-box\" data-id=\"2f40f98b\" data-element_type=\"widget\" data-settings=\"{&quot;_animation&quot;:&quot;fadeInUp&quot;}\" data-widget_type=\"icon-box.default\">\n\t\t\t\t<div class=\"elementor-widget-container\">\n\t\t\t<link rel=\"stylesheet\" href=\"https:\/\/hssoluciones.deditec.dev\/wp-content\/plugins\/elementor\/assets\/css\/widget-icon-box.min.css\">\t\t<div class=\"elementor-icon-box-wrapper\">\n\n\t\t\t\n\t\t\t\t\t\t<div class=\"elementor-icon-box-content\">\n\n\t\t\t\t\t\t\t\t\t<h3 class=\"elementor-icon-box-title\">\n\t\t\t\t\t\t<span  >\n\t\t\t\t\t\t\tF\u00e1cil\t\t\t\t\t\t<\/span>\n\t\t\t\t\t<\/h3>\n\t\t\t\t\n\t\t\t\t\t\t\t\t\t<p class=\"elementor-icon-box-description\">\n\t\t\t\t\t\tTan solo con unos clicks de rat\u00f3n puede conocer la disponibilidad de plazas hoteleras, realizar un presupuesto de estancia y realizar la reserva.\t\t\t\t\t<\/p>\n\t\t\t\t\n\t\t\t<\/div>\n\t\t\t\n\t\t<\/div>\n\t\t\t\t<\/div>\n\t\t\t\t<\/div>\n\t\t\t\t<div class=\"elementor-element elementor-element-600c10b elementor-invisible elementor-widget elementor-widget-icon-box\" data-id=\"600c10b\" data-element_type=\"widget\" data-settings=\"{&quot;_animation&quot;:&quot;fadeInUp&quot;,&quot;_animation_delay&quot;:100}\" data-widget_type=\"icon-box.default\">\n\t\t\t\t<div class=\"elementor-widget-container\">\n\t\t\t\t\t<div class=\"elementor-icon-box-wrapper\">\n\n\t\t\t\n\t\t\t\t\t\t<div class=\"elementor-icon-box-content\">\n\n\t\t\t\t\t\t\t\t\t<h3 class=\"elementor-icon-box-title\">\n\t\t\t\t\t\t<span  >\n\t\t\t\t\t\t\tC\u00f3modo\t\t\t\t\t\t<\/span>\n\t\t\t\t\t<\/h3>\n\t\t\t\t\n\t\t\t\t\t\t\t\t\t<p class=\"elementor-icon-box-description\">\n\t\t\t\t\t\tPorque puede hacerlo directamente desde su casa a trav\u00e9s de su conexi\u00f3n a internet, sin necesidad de intermediarios, llamadas telef\u00f3nicas...\t\t\t\t\t<\/p>\n\t\t\t\t\n\t\t\t<\/div>\n\t\t\t\n\t\t<\/div>\n\t\t\t\t<\/div>\n\t\t\t\t<\/div>\n\t\t\t\t\t<\/div>\n\t\t\t\t<\/div>\n\t\t\t\t<\/div>\n\t\t<div class=\"elementor-element elementor-element-7d0eefa e-flex e-con-boxed e-con e-parent\" data-id=\"7d0eefa\" data-element_type=\"container\">\n\t\t\t\t\t<div class=\"e-con-inner\">\n\t\t\t\t<div class=\"elementor-element elementor-element-517cebc elementor-align-center elementor-widget elementor-widget-button\" data-id=\"517cebc\" data-element_type=\"widget\" data-widget_type=\"button.default\">\n\t\t\t\t<div class=\"elementor-widget-container\">\n\t\t\t\t\t<div class=\"elementor-button-wrapper\">\n\t\t\t<a class=\"elementor-button elementor-button-link elementor-size-sm\" href=\"https:\/\/reservas.amhotel.com\/DefaultTar.aspx\">\n\t\t\t\t\t\t<span class=\"elementor-button-content-wrapper\">\n\t\t\t\t\t\t\t\t\t<span class=\"elementor-button-text\">Central de reservas online AM System<\/span>\n\t\t\t\t\t<\/span>\n\t\t\t\t\t<\/a>\n\t\t<\/div>\n\t\t\t\t<\/div>\n\t\t\t\t<\/div>\n\t\t\t\t\t<\/div>\n\t\t\t\t<\/div>\n\t\t<div class=\"elementor-element elementor-element-2071032 e-flex e-con-boxed e-con e-parent\" data-id=\"2071032\" data-element_type=\"container\" data-settings=\"{&quot;background_background&quot;:&quot;classic&quot;}\">\n\t\t\t\t\t<div class=\"e-con-inner\">\n\t\t\t\t<div class=\"elementor-element elementor-element-238bd9b elementor-widget elementor-widget-icon-box\" data-id=\"238bd9b\" data-element_type=\"widget\" data-widget_type=\"icon-box.default\">\n\t\t\t\t<div class=\"elementor-widget-container\">\n\t\t\t\t\t<div class=\"elementor-icon-box-wrapper\">\n\n\t\t\t\n\t\t\t\t\t\t<div class=\"elementor-icon-box-content\">\n\n\t\t\t\t\t\t\t\t\t<h3 class=\"elementor-icon-box-title\">\n\t\t\t\t\t\t<span  >\n\t\t\t\t\t\t\tSeguro\t\t\t\t\t\t<\/span>\n\t\t\t\t\t<\/h3>\n\t\t\t\t\n\t\t\t\t\n\t\t\t<\/div>\n\t\t\t\n\t\t<\/div>\n\t\t\t\t<\/div>\n\t\t\t\t<\/div>\n\t\t\t\t\t<\/div>\n\t\t\t\t<\/div>\n\t\t<div class=\"elementor-element elementor-element-21587e74 e-flex e-con-boxed e-con e-parent\" data-id=\"21587e74\" data-element_type=\"container\">\n\t\t\t\t\t<div class=\"e-con-inner\">\n\t\t\t\t\t<\/div>\n\t\t\t\t<\/div>\n\t\t<div class=\"elementor-element elementor-element-cbeca35 e-flex e-con-boxed e-con e-parent\" data-id=\"cbeca35\" data-element_type=\"container\">\n\t\t\t\t\t<div class=\"e-con-inner\">\n\t\t\t\t<div class=\"elementor-element elementor-element-1d1f505 elementor-widget elementor-widget-text-editor\" data-id=\"1d1f505\" data-element_type=\"widget\" data-widget_type=\"text-editor.default\">\n\t\t\t\t<div class=\"elementor-widget-container\">\n\t\t\t\t\t\t\t<p>Porque todas las operaciones se realizan a trav\u00e9s de una conexi\u00f3n segura y encriptada mediante protocolo https y certificada por <span style=\"text-decoration: underline;\"><a href=\"https:\/\/www.afternic.com\/forsale\/ipsca.com?utm_source=TDFS_DASLNC&amp;utm_medium=parkedpages&amp;utm_campaign=x_corp_tdfs-daslnc_base&amp;traffic_type=TDFS_DASLNC&amp;traffic_id=daslnc&amp;\">ipsCA<\/a><\/span>.<\/p><p>Para realizar una reserva usted navegar\u00e1 por distintas p\u00e1ginas en las que se le solicitar\u00e1 informaci\u00f3n de la reserva que desea realizar, fecha de entrada y salida, n\u00famero de habitaciones, tipo de habitaciones, r\u00e9gimen, n\u00famero de personas etc.<\/p><p>Una vez introducida la informaci\u00f3n solicitada, se presentar\u00e1 un presupuesto del coste de las reservas, en este punto deber\u00e1 introducir informaci\u00f3n de forma de pago y confirmar su reserva. Una vez terminado el proceso se presentar\u00e1 una pantalla de confirmaci\u00f3n de su reserva con informaci\u00f3n la misma y su n\u00famero de localizador.<\/p>\t\t\t\t\t\t<\/div>\n\t\t\t\t<\/div>\n\t\t\t\t\t<\/div>\n\t\t\t\t<\/div>\n\t\t<div class=\"elementor-element elementor-element-979d4d5 e-flex e-con-boxed e-con e-parent\" data-id=\"979d4d5\" data-element_type=\"container\" data-settings=\"{&quot;background_background&quot;:&quot;classic&quot;}\">\n\t\t\t\t\t<div class=\"e-con-inner\">\n\t\t<div class=\"elementor-element elementor-element-33bab97 e-con-full e-flex e-con e-child\" data-id=\"33bab97\" data-element_type=\"container\">\n\t\t\t\t<div class=\"elementor-element elementor-element-4524e69 elementor-widget elementor-widget-icon-box\" data-id=\"4524e69\" data-element_type=\"widget\" data-widget_type=\"icon-box.default\">\n\t\t\t\t<div class=\"elementor-widget-container\">\n\t\t\t\t\t<div class=\"elementor-icon-box-wrapper\">\n\n\t\t\t\n\t\t\t\t\t\t<div class=\"elementor-icon-box-content\">\n\n\t\t\t\t\t\t\t\t\t<h3 class=\"elementor-icon-box-title\">\n\t\t\t\t\t\t<span  >\n\t\t\t\t\t\t\tDemo Usuario\t\t\t\t\t\t<\/span>\n\t\t\t\t\t<\/h3>\n\t\t\t\t\n\t\t\t\t\t\t\t\t\t<p class=\"elementor-icon-box-description\">\n\t\t\t\t\t\tPuede ver una p\u00e1gina de prueba para comprobar la eficacia y funcionalidad de nuestro servicio de reservas online\t\t\t\t\t<\/p>\n\t\t\t\t\n\t\t\t<\/div>\n\t\t\t\n\t\t<\/div>\n\t\t\t\t<\/div>\n\t\t\t\t<\/div>\n\t\t\t\t<div class=\"elementor-element elementor-element-56e2800 elementor-align-center elementor-widget elementor-widget-button\" data-id=\"56e2800\" data-element_type=\"widget\" data-widget_type=\"button.default\">\n\t\t\t\t<div class=\"elementor-widget-container\">\n\t\t\t\t\t<div class=\"elementor-button-wrapper\">\n\t\t\t<a class=\"elementor-button elementor-button-link elementor-size-sm\" href=\"https:\/\/reservas.amhotel.com\/DefaultTar.aspx\">\n\t\t\t\t\t\t<span class=\"elementor-button-content-wrapper\">\n\t\t\t\t\t\t\t\t\t<span class=\"elementor-button-text\">Haz clic aqu\u00ed<\/span>\n\t\t\t\t\t<\/span>\n\t\t\t\t\t<\/a>\n\t\t<\/div>\n\t\t\t\t<\/div>\n\t\t\t\t<\/div>\n\t\t\t\t<\/div>\n\t\t<div class=\"elementor-element elementor-element-04eced4 e-con-full e-flex e-con e-child\" data-id=\"04eced4\" data-element_type=\"container\">\n\t\t\t\t<div class=\"elementor-element elementor-element-e145812 elementor-widget elementor-widget-icon-box\" data-id=\"e145812\" data-element_type=\"widget\" data-widget_type=\"icon-box.default\">\n\t\t\t\t<div class=\"elementor-widget-container\">\n\t\t\t\t\t<div class=\"elementor-icon-box-wrapper\">\n\n\t\t\t\n\t\t\t\t\t\t<div class=\"elementor-icon-box-content\">\n\n\t\t\t\t\t\t\t\t\t<h3 class=\"elementor-icon-box-title\">\n\t\t\t\t\t\t<span  >\n\t\t\t\t\t\t\tDemo Administraci\u00f3n\t\t\t\t\t\t<\/span>\n\t\t\t\t\t<\/h3>\n\t\t\t\t\n\t\t\t\t\t\t\t\t\t<p class=\"elementor-icon-box-description\">\n\t\t\t\t\t\tPuede acceder al panel de administraci\u00f3n del servicio Central de Reservas demo con los siguientes datos: <BR>Usuario: reservas <BR>\nClave: amsystem\t\t\t\t\t<\/p>\n\t\t\t\t\n\t\t\t<\/div>\n\t\t\t\n\t\t<\/div>\n\t\t\t\t<\/div>\n\t\t\t\t<\/div>\n\t\t\t\t<div class=\"elementor-element elementor-element-521f68f elementor-align-center elementor-widget elementor-widget-button\" data-id=\"521f68f\" data-element_type=\"widget\" data-widget_type=\"button.default\">\n\t\t\t\t<div class=\"elementor-widget-container\">\n\t\t\t\t\t<div class=\"elementor-button-wrapper\">\n\t\t\t<a class=\"elementor-button elementor-button-link elementor-size-sm\" href=\"https:\/\/reservas.amhotel.com\/admin\/login.aspx\">\n\t\t\t\t\t\t<span class=\"elementor-button-content-wrapper\">\n\t\t\t\t\t\t\t\t\t<span class=\"elementor-button-text\">Haz clic aqu\u00ed<\/span>\n\t\t\t\t\t<\/span>\n\t\t\t\t\t<\/a>\n\t\t<\/div>\n\t\t\t\t<\/div>\n\t\t\t\t<\/div>\n\t\t\t\t<\/div>\n\t\t\t\t\t<\/div>\n\t\t\t\t<\/div>\n\t\t\t\t<\/div>\n\t\t","protected":false},"excerpt":{"rendered":"<p>Reservas online Central de reservas la forma m\u00e1s sencilla de realizar sus reservas hoteleras en tiempo real y de una forma sencilla, c\u00f3moda y segura. Central de Reservas AM System es una aplicaci\u00f3n orientada a integrar su programa AM Hotel con una p\u00e1gina web desde la cual sus clientes podr\u00e1n realizar reservas online, facilitando el [&hellip;]<\/p>\n","protected":false},"author":1,"featured_media":0,"parent":0,"menu_order":0,"comment_status":"closed","ping_status":"closed","template":"","meta":{"footnotes":""},"class_list":["post-273","page","type-page","status-publish","hentry"],"yoast_head":"<!-- This site is optimized with the Yoast SEO plugin v22.8 - https:\/\/yoast.com\/wordpress\/plugins\/seo\/ -->\n<title>Reservas online AM\/Hotel - H&amp;S Soluciones<\/title>\n<meta name=\"description\" content=\"Central de reservas, la forma m\u00e1s sencilla de realizar sus reservas hoteleras en tiempo real y de una forma sencilla, c\u00f3moda y segura\" \/>\n<meta name=\"robots\" content=\"index, follow, max-snippet:-1, max-image-preview:large, max-video-preview:-1\" \/>\n<link rel=\"canonical\" href=\"https:\/\/hssoluciones.deditec.dev\/index.php\/reservas-online-am-hotel\/\" \/>\n<meta property=\"og:locale\" content=\"es_ES\" \/>\n<meta property=\"og:type\" content=\"article\" \/>\n<meta property=\"og:title\" content=\"Reservas online AM\/Hotel - H&amp;S Soluciones\" \/>\n<meta property=\"og:description\" content=\"Central de reservas, la forma m\u00e1s sencilla de realizar sus reservas hoteleras en tiempo real y de una forma sencilla, c\u00f3moda y segura\" \/>\n<meta property=\"og:url\" content=\"https:\/\/hssoluciones.deditec.dev\/index.php\/reservas-online-am-hotel\/\" \/>\n<meta property=\"og:site_name\" content=\"H&amp;S Soluciones\" \/>\n<meta property=\"article:modified_time\" content=\"2024-06-13T11:28:19+00:00\" \/>\n<meta name=\"twitter:card\" content=\"summary_large_image\" \/>\n<meta name=\"twitter:label1\" content=\"Tiempo de lectura\" \/>\n\t<meta name=\"twitter:data1\" content=\"2 minutos\" \/>\n<script type=\"application\/ld+json\" class=\"yoast-schema-graph\">{\"@context\":\"https:\/\/schema.org\",\"@graph\":[{\"@type\":\"WebPage\",\"@id\":\"https:\/\/hssoluciones.deditec.dev\/index.php\/reservas-online-am-hotel\/\",\"url\":\"https:\/\/hssoluciones.deditec.dev\/index.php\/reservas-online-am-hotel\/\",\"name\":\"Reservas online AM\/Hotel - H&amp;S Soluciones\",\"isPartOf\":{\"@id\":\"https:\/\/hssoluciones.deditec.dev\/#website\"},\"datePublished\":\"2024-05-02T10:20:49+00:00\",\"dateModified\":\"2024-06-13T11:28:19+00:00\",\"description\":\"Central de reservas, la forma m\u00e1s sencilla de realizar sus reservas hoteleras en tiempo real y de una forma sencilla, c\u00f3moda y segura\",\"breadcrumb\":{\"@id\":\"https:\/\/hssoluciones.deditec.dev\/index.php\/reservas-online-am-hotel\/#breadcrumb\"},\"inLanguage\":\"es\",\"potentialAction\":[{\"@type\":\"ReadAction\",\"target\":[\"https:\/\/hssoluciones.deditec.dev\/index.php\/reservas-online-am-hotel\/\"]}]},{\"@type\":\"BreadcrumbList\",\"@id\":\"https:\/\/hssoluciones.deditec.dev\/index.php\/reservas-online-am-hotel\/#breadcrumb\",\"itemListElement\":[{\"@type\":\"ListItem\",\"position\":1,\"name\":\"Portada\",\"item\":\"https:\/\/hssoluciones.deditec.dev\/\"},{\"@type\":\"ListItem\",\"position\":2,\"name\":\"Reservas online AM\/Hotel\"}]},{\"@type\":\"WebSite\",\"@id\":\"https:\/\/hssoluciones.deditec.dev\/#website\",\"url\":\"https:\/\/hssoluciones.deditec.dev\/\",\"name\":\"H&amp;S Soluciones\",\"description\":\"\",\"publisher\":{\"@id\":\"https:\/\/hssoluciones.deditec.dev\/#organization\"},\"potentialAction\":[{\"@type\":\"SearchAction\",\"target\":{\"@type\":\"EntryPoint\",\"urlTemplate\":\"https:\/\/hssoluciones.deditec.dev\/?s={search_term_string}\"},\"query-input\":\"required name=search_term_string\"}],\"inLanguage\":\"es\"},{\"@type\":\"Organization\",\"@id\":\"https:\/\/hssoluciones.deditec.dev\/#organization\",\"name\":\"H&amp;S Soluciones\",\"url\":\"https:\/\/hssoluciones.deditec.dev\/\",\"logo\":{\"@type\":\"ImageObject\",\"inLanguage\":\"es\",\"@id\":\"https:\/\/hssoluciones.deditec.dev\/#\/schema\/logo\/image\/\",\"url\":\"https:\/\/hssoluciones.deditec.dev\/wp-content\/uploads\/2024\/04\/logo-hssoluciones-Photoroom.png-Photoroom.png\",\"contentUrl\":\"https:\/\/hssoluciones.deditec.dev\/wp-content\/uploads\/2024\/04\/logo-hssoluciones-Photoroom.png-Photoroom.png\",\"width\":328,\"height\":74,\"caption\":\"H&amp;S Soluciones\"},\"image\":{\"@id\":\"https:\/\/hssoluciones.deditec.dev\/#\/schema\/logo\/image\/\"}}]}<\/script>\n<!-- \/ Yoast SEO plugin. -->","yoast_head_json":{"title":"Reservas online AM\/Hotel - H&amp;S Soluciones","description":"Central de reservas, la forma m\u00e1s sencilla de realizar sus reservas hoteleras en tiempo real y de una forma sencilla, c\u00f3moda y segura","robots":{"index":"index","follow":"follow","max-snippet":"max-snippet:-1","max-image-preview":"max-image-preview:large","max-video-preview":"max-video-preview:-1"},"canonical":"https:\/\/hssoluciones.deditec.dev\/index.php\/reservas-online-am-hotel\/","og_locale":"es_ES","og_type":"article","og_title":"Reservas online AM\/Hotel - H&amp;S Soluciones","og_description":"Central de reservas, la forma m\u00e1s sencilla de realizar sus reservas hoteleras en tiempo real y de una forma sencilla, c\u00f3moda y segura","og_url":"https:\/\/hssoluciones.deditec.dev\/index.php\/reservas-online-am-hotel\/","og_site_name":"H&amp;S Soluciones","article_modified_time":"2024-06-13T11:28:19+00:00","twitter_card":"summary_large_image","twitter_misc":{"Tiempo de lectura":"2 minutos"},"schema":{"@context":"https:\/\/schema.org","@graph":[{"@type":"WebPage","@id":"https:\/\/hssoluciones.deditec.dev\/index.php\/reservas-online-am-hotel\/","url":"https:\/\/hssoluciones.deditec.dev\/index.php\/reservas-online-am-hotel\/","name":"Reservas online AM\/Hotel - H&amp;S Soluciones","isPartOf":{"@id":"https:\/\/hssoluciones.deditec.dev\/#website"},"datePublished":"2024-05-02T10:20:49+00:00","dateModified":"2024-06-13T11:28:19+00:00","description":"Central de reservas, la forma m\u00e1s sencilla de realizar sus reservas hoteleras en tiempo real y de una forma sencilla, c\u00f3moda y segura","breadcrumb":{"@id":"https:\/\/hssoluciones.deditec.dev\/index.php\/reservas-online-am-hotel\/#breadcrumb"},"inLanguage":"es","potentialAction":[{"@type":"ReadAction","target":["https:\/\/hssoluciones.deditec.dev\/index.php\/reservas-online-am-hotel\/"]}]},{"@type":"BreadcrumbList","@id":"https:\/\/hssoluciones.deditec.dev\/index.php\/reservas-online-am-hotel\/#breadcrumb","itemListElement":[{"@type":"ListItem","position":1,"name":"Portada","item":"https:\/\/hssoluciones.deditec.dev\/"},{"@type":"ListItem","position":2,"name":"Reservas online AM\/Hotel"}]},{"@type":"WebSite","@id":"https:\/\/hssoluciones.deditec.dev\/#website","url":"https:\/\/hssoluciones.deditec.dev\/","name":"H&amp;S Soluciones","description":"","publisher":{"@id":"https:\/\/hssoluciones.deditec.dev\/#organization"},"potentialAction":[{"@type":"SearchAction","target":{"@type":"EntryPoint","urlTemplate":"https:\/\/hssoluciones.deditec.dev\/?s={search_term_string}"},"query-input":"required name=search_term_string"}],"inLanguage":"es"},{"@type":"Organization","@id":"https:\/\/hssoluciones.deditec.dev\/#organization","name":"H&amp;S Soluciones","url":"https:\/\/hssoluciones.deditec.dev\/","logo":{"@type":"ImageObject","inLanguage":"es","@id":"https:\/\/hssoluciones.deditec.dev\/#\/schema\/logo\/image\/","url":"https:\/\/hssoluciones.deditec.dev\/wp-content\/uploads\/2024\/04\/logo-hssoluciones-Photoroom.png-Photoroom.png","contentUrl":"https:\/\/hssoluciones.deditec.dev\/wp-content\/uploads\/2024\/04\/logo-hssoluciones-Photoroom.png-Photoroom.png","width":328,"height":74,"caption":"H&amp;S Soluciones"},"image":{"@id":"https:\/\/hssoluciones.deditec.dev\/#\/schema\/logo\/image\/"}}]}},"_links":{"self":[{"href":"https:\/\/hssoluciones.deditec.dev\/index.php\/wp-json\/wp\/v2\/pages\/273","targetHints":{"allow":["GET"]}}],"collection":[{"href":"https:\/\/hssoluciones.deditec.dev\/index.php\/wp-json\/wp\/v2\/pages"}],"about":[{"href":"https:\/\/hssoluciones.deditec.dev\/index.php\/wp-json\/wp\/v2\/types\/page"}],"author":[{"embeddable":true,"href":"https:\/\/hssoluciones.deditec.dev\/index.php\/wp-json\/wp\/v2\/users\/1"}],"replies":[{"embeddable":true,"href":"https:\/\/hssoluciones.deditec.dev\/index.php\/wp-json\/wp\/v2\/comments?post=273"}],"version-history":[{"count":97,"href":"https:\/\/hssoluciones.deditec.dev\/index.php\/wp-json\/wp\/v2\/pages\/273\/revisions"}],"predecessor-version":[{"id":995,"href":"https:\/\/hssoluciones.deditec.dev\/index.php\/wp-json\/wp\/v2\/pages\/273\/revisions\/995"}],"wp:attachment":[{"href":"https:\/\/hssoluciones.deditec.dev\/index.php\/wp-json\/wp\/v2\/media?parent=273"}],"curies":[{"name":"wp","href":"https:\/\/api.w.org\/{rel}","templated":true}]}}