{"id":10,"date":"2024-04-30T07:30:26","date_gmt":"2024-04-30T07:30:26","guid":{"rendered":"https:\/\/hssoluciones.deditec.dev\/?page_id=10"},"modified":"2024-06-13T11:26:29","modified_gmt":"2024-06-13T11:26:29","slug":"quienes-somos","status":"publish","type":"page","link":"https:\/\/hssoluciones.deditec.dev\/index.php\/quienes-somos\/","title":{"rendered":"Qui\u00e9nes somos"},"content":{"rendered":"\t\t<div data-elementor-type=\"wp-page\" data-elementor-id=\"10\" class=\"elementor elementor-10\" data-elementor-post-type=\"page\">\n\t\t\t\t<div class=\"elementor-element elementor-element-3a866a95 e-con-full e-flex e-con e-parent\" data-id=\"3a866a95\" data-element_type=\"container\" data-settings=\"{&quot;background_background&quot;:&quot;classic&quot;}\">\n\t\t<div class=\"elementor-element elementor-element-51898f78 e-con-full e-flex elementor-invisible e-con e-child\" data-id=\"51898f78\" data-element_type=\"container\" data-settings=\"{&quot;animation&quot;:&quot;fadeInUp&quot;}\">\n\t\t\t\t<div class=\"elementor-element elementor-element-ead600b elementor-widget elementor-widget-heading\" data-id=\"ead600b\" data-element_type=\"widget\" data-widget_type=\"heading.default\">\n\t\t\t\t<div class=\"elementor-widget-container\">\n\t\t\t<style>\/*! elementor - v3.21.0 - 25-04-2024 *\/\n.elementor-heading-title{padding:0;margin:0;line-height:1}.elementor-widget-heading .elementor-heading-title[class*=elementor-size-]>a{color:inherit;font-size:inherit;line-height:inherit}.elementor-widget-heading .elementor-heading-title.elementor-size-small{font-size:15px}.elementor-widget-heading .elementor-heading-title.elementor-size-medium{font-size:19px}.elementor-widget-heading .elementor-heading-title.elementor-size-large{font-size:29px}.elementor-widget-heading .elementor-heading-title.elementor-size-xl{font-size:39px}.elementor-widget-heading .elementor-heading-title.elementor-size-xxl{font-size:59px}<\/style><h2 class=\"elementor-heading-title elementor-size-default\">Sobre nosotros<\/h2>\t\t<\/div>\n\t\t\t\t<\/div>\n\t\t\t\t<div class=\"elementor-element elementor-element-4d9cca93 elementor-widget elementor-widget-heading\" data-id=\"4d9cca93\" data-element_type=\"widget\" data-widget_type=\"heading.default\">\n\t\t\t\t<div class=\"elementor-widget-container\">\n\t\t\t<h3 class=\"elementor-heading-title elementor-size-default\">En H&S Soluciones somos un equipo dedicado y apasionado por brindar soluciones integrales en mantenimiento inform\u00e1tico y software empresarial. <\/h3>\t\t<\/div>\n\t\t\t\t<\/div>\n\t\t\t\t<div class=\"elementor-element elementor-element-59de4e05 elementor-widget elementor-widget-text-editor\" data-id=\"59de4e05\" data-element_type=\"widget\" data-widget_type=\"text-editor.default\">\n\t\t\t\t<div class=\"elementor-widget-container\">\n\t\t\t<style>\/*! elementor - v3.21.0 - 25-04-2024 *\/\n.elementor-widget-text-editor.elementor-drop-cap-view-stacked .elementor-drop-cap{background-color:#69727d;color:#fff}.elementor-widget-text-editor.elementor-drop-cap-view-framed .elementor-drop-cap{color:#69727d;border:3px solid;background-color:transparent}.elementor-widget-text-editor:not(.elementor-drop-cap-view-default) .elementor-drop-cap{margin-top:8px}.elementor-widget-text-editor:not(.elementor-drop-cap-view-default) .elementor-drop-cap-letter{width:1em;height:1em}.elementor-widget-text-editor .elementor-drop-cap{float:left;text-align:center;line-height:1;font-size:50px}.elementor-widget-text-editor .elementor-drop-cap-letter{display:inline-block}<\/style>\t\t\t\t<p>Con m\u00e1s de 25 a\u00f1os de experiencia en el mundo del servicio t\u00e9cnico a empresas, nos hemos convertido en un referente en el sector, ofreciendo servicios y productos innovadores que impulsan el \u00e9xito y el crecimiento de nuestros clientes.<\/p><p>Nuestro equipo est\u00e1 formado por profesionales altamente cualificados y comprometidos con la excelencia en el servicio al cliente. Nos distinguimos por nuestra apuesta por la calidad, la eficiencia y la satisfacci\u00f3n del cliente en todo lo que hacemos.<\/p>\t\t\t\t\t\t<\/div>\n\t\t\t\t<\/div>\n\t\t\t\t<div class=\"elementor-element elementor-element-251a1c84 elementor-invisible elementor-widget elementor-widget-image\" data-id=\"251a1c84\" data-element_type=\"widget\" data-settings=\"{&quot;_animation&quot;:&quot;fadeInRight&quot;}\" data-widget_type=\"image.default\">\n\t\t\t\t<div class=\"elementor-widget-container\">\n\t\t\t<style>\/*! elementor - v3.21.0 - 25-04-2024 *\/\n.elementor-widget-image{text-align:center}.elementor-widget-image a{display:inline-block}.elementor-widget-image a img[src$=\".svg\"]{width:48px}.elementor-widget-image img{vertical-align:middle;display:inline-block}<\/style>\t\t\t\t\t\t\t\t\t\t<img fetchpriority=\"high\" decoding=\"async\" width=\"800\" height=\"534\" src=\"https:\/\/hssoluciones.deditec.dev\/wp-content\/uploads\/2024\/05\/young-woman-cleaning-her-laptop-key-board-1-1024x683.jpg\" class=\"attachment-large size-large wp-image-224\" alt=\"\" srcset=\"https:\/\/hssoluciones.deditec.dev\/wp-content\/uploads\/2024\/05\/young-woman-cleaning-her-laptop-key-board-1-1024x683.jpg 1024w, https:\/\/hssoluciones.deditec.dev\/wp-content\/uploads\/2024\/05\/young-woman-cleaning-her-laptop-key-board-1-300x200.jpg 300w, https:\/\/hssoluciones.deditec.dev\/wp-content\/uploads\/2024\/05\/young-woman-cleaning-her-laptop-key-board-1-768x512.jpg 768w, https:\/\/hssoluciones.deditec.dev\/wp-content\/uploads\/2024\/05\/young-woman-cleaning-her-laptop-key-board-1-1536x1024.jpg 1536w\" sizes=\"(max-width: 800px) 100vw, 800px\" \/>\t\t\t\t\t\t\t\t\t\t\t\t\t<\/div>\n\t\t\t\t<\/div>\n\t\t\t\t<\/div>\n\t\t<div class=\"elementor-element elementor-element-796b8164 e-con-full e-flex elementor-invisible e-con e-child\" data-id=\"796b8164\" data-element_type=\"container\" data-settings=\"{&quot;background_background&quot;:&quot;classic&quot;,&quot;animation&quot;:&quot;fadeInRight&quot;}\">\n\t\t\t\t<\/div>\n\t\t\t\t<\/div>\n\t\t\t\t<\/div>\n\t\t","protected":false},"excerpt":{"rendered":"<p>Sobre nosotros En H&#038;S Soluciones somos un equipo dedicado y apasionado por brindar soluciones integrales en mantenimiento inform\u00e1tico y software empresarial. Con m\u00e1s de 25 a\u00f1os de experiencia en el mundo del servicio t\u00e9cnico a empresas, nos hemos convertido en un referente en el sector, ofreciendo servicios y productos innovadores que impulsan el \u00e9xito y [&hellip;]<\/p>\n","protected":false},"author":1,"featured_media":0,"parent":0,"menu_order":0,"comment_status":"closed","ping_status":"closed","template":"","meta":{"footnotes":""},"class_list":["post-10","page","type-page","status-publish","hentry"],"yoast_head":"<!-- This site is optimized with the Yoast SEO plugin v22.8 - https:\/\/yoast.com\/wordpress\/plugins\/seo\/ -->\n<title>Qui\u00e9nes somos - H&amp;S Soluciones<\/title>\n<meta name=\"description\" content=\"Somos un equipo dedicado y apasionado por brindar soluciones integrales en mantenimiento inform\u00e1tico y software empresarial.\" \/>\n<meta name=\"robots\" content=\"index, follow, max-snippet:-1, max-image-preview:large, max-video-preview:-1\" \/>\n<link rel=\"canonical\" href=\"https:\/\/hssoluciones.deditec.dev\/index.php\/quienes-somos\/\" \/>\n<meta property=\"og:locale\" content=\"es_ES\" \/>\n<meta property=\"og:type\" content=\"article\" \/>\n<meta property=\"og:title\" content=\"Qui\u00e9nes somos - H&amp;S Soluciones\" \/>\n<meta property=\"og:description\" content=\"Somos un equipo dedicado y apasionado por brindar soluciones integrales en mantenimiento inform\u00e1tico y software empresarial.\" \/>\n<meta property=\"og:url\" content=\"https:\/\/hssoluciones.deditec.dev\/index.php\/quienes-somos\/\" \/>\n<meta property=\"og:site_name\" content=\"H&amp;S Soluciones\" \/>\n<meta property=\"article:modified_time\" content=\"2024-06-13T11:26:29+00:00\" \/>\n<meta property=\"og:image\" content=\"https:\/\/hssoluciones.deditec.dev\/wp-content\/uploads\/2024\/05\/young-woman-cleaning-her-laptop-key-board-1-1024x683.jpg\" \/>\n<meta name=\"twitter:card\" content=\"summary_large_image\" \/>\n<meta name=\"twitter:label1\" content=\"Tiempo de lectura\" \/>\n\t<meta name=\"twitter:data1\" content=\"1 minuto\" \/>\n<script type=\"application\/ld+json\" class=\"yoast-schema-graph\">{\"@context\":\"https:\/\/schema.org\",\"@graph\":[{\"@type\":\"WebPage\",\"@id\":\"https:\/\/hssoluciones.deditec.dev\/index.php\/quienes-somos\/\",\"url\":\"https:\/\/hssoluciones.deditec.dev\/index.php\/quienes-somos\/\",\"name\":\"Qui\u00e9nes somos - H&amp;S Soluciones\",\"isPartOf\":{\"@id\":\"https:\/\/hssoluciones.deditec.dev\/#website\"},\"primaryImageOfPage\":{\"@id\":\"https:\/\/hssoluciones.deditec.dev\/index.php\/quienes-somos\/#primaryimage\"},\"image\":{\"@id\":\"https:\/\/hssoluciones.deditec.dev\/index.php\/quienes-somos\/#primaryimage\"},\"thumbnailUrl\":\"https:\/\/hssoluciones.deditec.dev\/wp-content\/uploads\/2024\/05\/young-woman-cleaning-her-laptop-key-board-1-1024x683.jpg\",\"datePublished\":\"2024-04-30T07:30:26+00:00\",\"dateModified\":\"2024-06-13T11:26:29+00:00\",\"description\":\"Somos un equipo dedicado y apasionado por brindar soluciones integrales en mantenimiento inform\u00e1tico y software empresarial.\",\"breadcrumb\":{\"@id\":\"https:\/\/hssoluciones.deditec.dev\/index.php\/quienes-somos\/#breadcrumb\"},\"inLanguage\":\"es\",\"potentialAction\":[{\"@type\":\"ReadAction\",\"target\":[\"https:\/\/hssoluciones.deditec.dev\/index.php\/quienes-somos\/\"]}]},{\"@type\":\"ImageObject\",\"inLanguage\":\"es\",\"@id\":\"https:\/\/hssoluciones.deditec.dev\/index.php\/quienes-somos\/#primaryimage\",\"url\":\"https:\/\/hssoluciones.deditec.dev\/wp-content\/uploads\/2024\/05\/young-woman-cleaning-her-laptop-key-board-1.jpg\",\"contentUrl\":\"https:\/\/hssoluciones.deditec.dev\/wp-content\/uploads\/2024\/05\/young-woman-cleaning-her-laptop-key-board-1.jpg\",\"width\":7990,\"height\":5327},{\"@type\":\"BreadcrumbList\",\"@id\":\"https:\/\/hssoluciones.deditec.dev\/index.php\/quienes-somos\/#breadcrumb\",\"itemListElement\":[{\"@type\":\"ListItem\",\"position\":1,\"name\":\"Portada\",\"item\":\"https:\/\/hssoluciones.deditec.dev\/\"},{\"@type\":\"ListItem\",\"position\":2,\"name\":\"Qui\u00e9nes somos\"}]},{\"@type\":\"WebSite\",\"@id\":\"https:\/\/hssoluciones.deditec.dev\/#website\",\"url\":\"https:\/\/hssoluciones.deditec.dev\/\",\"name\":\"H&amp;S Soluciones\",\"description\":\"\",\"publisher\":{\"@id\":\"https:\/\/hssoluciones.deditec.dev\/#organization\"},\"potentialAction\":[{\"@type\":\"SearchAction\",\"target\":{\"@type\":\"EntryPoint\",\"urlTemplate\":\"https:\/\/hssoluciones.deditec.dev\/?s={search_term_string}\"},\"query-input\":\"required name=search_term_string\"}],\"inLanguage\":\"es\"},{\"@type\":\"Organization\",\"@id\":\"https:\/\/hssoluciones.deditec.dev\/#organization\",\"name\":\"H&amp;S Soluciones\",\"url\":\"https:\/\/hssoluciones.deditec.dev\/\",\"logo\":{\"@type\":\"ImageObject\",\"inLanguage\":\"es\",\"@id\":\"https:\/\/hssoluciones.deditec.dev\/#\/schema\/logo\/image\/\",\"url\":\"https:\/\/hssoluciones.deditec.dev\/wp-content\/uploads\/2024\/04\/logo-hssoluciones-Photoroom.png-Photoroom.png\",\"contentUrl\":\"https:\/\/hssoluciones.deditec.dev\/wp-content\/uploads\/2024\/04\/logo-hssoluciones-Photoroom.png-Photoroom.png\",\"width\":328,\"height\":74,\"caption\":\"H&amp;S Soluciones\"},\"image\":{\"@id\":\"https:\/\/hssoluciones.deditec.dev\/#\/schema\/logo\/image\/\"}}]}<\/script>\n<!-- \/ Yoast SEO plugin. -->","yoast_head_json":{"title":"Qui\u00e9nes somos - H&amp;S Soluciones","description":"Somos un equipo dedicado y apasionado por brindar soluciones integrales en mantenimiento inform\u00e1tico y software empresarial.","robots":{"index":"index","follow":"follow","max-snippet":"max-snippet:-1","max-image-preview":"max-image-preview:large","max-video-preview":"max-video-preview:-1"},"canonical":"https:\/\/hssoluciones.deditec.dev\/index.php\/quienes-somos\/","og_locale":"es_ES","og_type":"article","og_title":"Qui\u00e9nes somos - H&amp;S Soluciones","og_description":"Somos un equipo dedicado y apasionado por brindar soluciones integrales en mantenimiento inform\u00e1tico y software empresarial.","og_url":"https:\/\/hssoluciones.deditec.dev\/index.php\/quienes-somos\/","og_site_name":"H&amp;S Soluciones","article_modified_time":"2024-06-13T11:26:29+00:00","og_image":[{"url":"https:\/\/hssoluciones.deditec.dev\/wp-content\/uploads\/2024\/05\/young-woman-cleaning-her-laptop-key-board-1-1024x683.jpg"}],"twitter_card":"summary_large_image","twitter_misc":{"Tiempo de lectura":"1 minuto"},"schema":{"@context":"https:\/\/schema.org","@graph":[{"@type":"WebPage","@id":"https:\/\/hssoluciones.deditec.dev\/index.php\/quienes-somos\/","url":"https:\/\/hssoluciones.deditec.dev\/index.php\/quienes-somos\/","name":"Qui\u00e9nes somos - H&amp;S Soluciones","isPartOf":{"@id":"https:\/\/hssoluciones.deditec.dev\/#website"},"primaryImageOfPage":{"@id":"https:\/\/hssoluciones.deditec.dev\/index.php\/quienes-somos\/#primaryimage"},"image":{"@id":"https:\/\/hssoluciones.deditec.dev\/index.php\/quienes-somos\/#primaryimage"},"thumbnailUrl":"https:\/\/hssoluciones.deditec.dev\/wp-content\/uploads\/2024\/05\/young-woman-cleaning-her-laptop-key-board-1-1024x683.jpg","datePublished":"2024-04-30T07:30:26+00:00","dateModified":"2024-06-13T11:26:29+00:00","description":"Somos un equipo dedicado y apasionado por brindar soluciones integrales en mantenimiento inform\u00e1tico y software empresarial.","breadcrumb":{"@id":"https:\/\/hssoluciones.deditec.dev\/index.php\/quienes-somos\/#breadcrumb"},"inLanguage":"es","potentialAction":[{"@type":"ReadAction","target":["https:\/\/hssoluciones.deditec.dev\/index.php\/quienes-somos\/"]}]},{"@type":"ImageObject","inLanguage":"es","@id":"https:\/\/hssoluciones.deditec.dev\/index.php\/quienes-somos\/#primaryimage","url":"https:\/\/hssoluciones.deditec.dev\/wp-content\/uploads\/2024\/05\/young-woman-cleaning-her-laptop-key-board-1.jpg","contentUrl":"https:\/\/hssoluciones.deditec.dev\/wp-content\/uploads\/2024\/05\/young-woman-cleaning-her-laptop-key-board-1.jpg","width":7990,"height":5327},{"@type":"BreadcrumbList","@id":"https:\/\/hssoluciones.deditec.dev\/index.php\/quienes-somos\/#breadcrumb","itemListElement":[{"@type":"ListItem","position":1,"name":"Portada","item":"https:\/\/hssoluciones.deditec.dev\/"},{"@type":"ListItem","position":2,"name":"Qui\u00e9nes somos"}]},{"@type":"WebSite","@id":"https:\/\/hssoluciones.deditec.dev\/#website","url":"https:\/\/hssoluciones.deditec.dev\/","name":"H&amp;S Soluciones","description":"","publisher":{"@id":"https:\/\/hssoluciones.deditec.dev\/#organization"},"potentialAction":[{"@type":"SearchAction","target":{"@type":"EntryPoint","urlTemplate":"https:\/\/hssoluciones.deditec.dev\/?s={search_term_string}"},"query-input":"required name=search_term_string"}],"inLanguage":"es"},{"@type":"Organization","@id":"https:\/\/hssoluciones.deditec.dev\/#organization","name":"H&amp;S Soluciones","url":"https:\/\/hssoluciones.deditec.dev\/","logo":{"@type":"ImageObject","inLanguage":"es","@id":"https:\/\/hssoluciones.deditec.dev\/#\/schema\/logo\/image\/","url":"https:\/\/hssoluciones.deditec.dev\/wp-content\/uploads\/2024\/04\/logo-hssoluciones-Photoroom.png-Photoroom.png","contentUrl":"https:\/\/hssoluciones.deditec.dev\/wp-content\/uploads\/2024\/04\/logo-hssoluciones-Photoroom.png-Photoroom.png","width":328,"height":74,"caption":"H&amp;S Soluciones"},"image":{"@id":"https:\/\/hssoluciones.deditec.dev\/#\/schema\/logo\/image\/"}}]}},"_links":{"self":[{"href":"https:\/\/hssoluciones.deditec.dev\/index.php\/wp-json\/wp\/v2\/pages\/10","targetHints":{"allow":["GET"]}}],"collection":[{"href":"https:\/\/hssoluciones.deditec.dev\/index.php\/wp-json\/wp\/v2\/pages"}],"about":[{"href":"https:\/\/hssoluciones.deditec.dev\/index.php\/wp-json\/wp\/v2\/types\/page"}],"author":[{"embeddable":true,"href":"https:\/\/hssoluciones.deditec.dev\/index.php\/wp-json\/wp\/v2\/users\/1"}],"replies":[{"embeddable":true,"href":"https:\/\/hssoluciones.deditec.dev\/index.php\/wp-json\/wp\/v2\/comments?post=10"}],"version-history":[{"count":22,"href":"https:\/\/hssoluciones.deditec.dev\/index.php\/wp-json\/wp\/v2\/pages\/10\/revisions"}],"predecessor-version":[{"id":986,"href":"https:\/\/hssoluciones.deditec.dev\/index.php\/wp-json\/wp\/v2\/pages\/10\/revisions\/986"}],"wp:attachment":[{"href":"https:\/\/hssoluciones.deditec.dev\/index.php\/wp-json\/wp\/v2\/media?parent=10"}],"curies":[{"name":"wp","href":"https:\/\/api.w.org\/{rel}","templated":true}]}}